{"id":9412,"date":"2025-02-07T10:08:42","date_gmt":"2025-02-07T08:08:42","guid":{"rendered":"https:\/\/uus.noff.ee\/?page_id=9412"},"modified":"2025-02-11T10:20:58","modified_gmt":"2025-02-11T08:20:58","slug":"poff","status":"publish","type":"page","link":"https:\/\/uus.noff.ee\/en\/poff\/","title":{"rendered":"P\u00d6FF"},"content":{"rendered":"<div data-elementor-type=\"wp-page\" data-elementor-id=\"9412\" class=\"elementor elementor-9412\">\n\t\t\t\t\t\t<section class=\"elementor-section elementor-top-section elementor-element elementor-element-7d315878 elementor-section-full_width qodef-elementor-content-grid elementor-section-height-default elementor-section-height-default\" data-id=\"7d315878\" data-element_type=\"section\">\n\t\t\t\t\t\t<div class=\"elementor-container elementor-column-gap-default\">\n\t\t\t\t\t<div class=\"elementor-column elementor-col-33 elementor-top-column elementor-element elementor-element-532979\" data-id=\"532979\" data-element_type=\"column\">\n\t\t\t<div class=\"elementor-widget-wrap elementor-element-populated\">\n\t\t\t\t\t\t<div class=\"elementor-element elementor-element-569d90c3 elementor-widget elementor-widget-image\" data-id=\"569d90c3\" data-element_type=\"widget\" data-widget_type=\"image.default\">\n\t\t\t\t<div class=\"elementor-widget-container\">\n\t\t\t\t\t\t\t\t\t\t\t\t\t\t\t<img fetchpriority=\"high\" decoding=\"async\" width=\"1000\" height=\"500\" src=\"https:\/\/uus.noff.ee\/wp-content\/uploads\/2025\/02\/POFF2024_est-TLN_must.png\" class=\"attachment-large size-large wp-image-19096\" alt=\"\" srcset=\"https:\/\/uus.noff.ee\/wp-content\/uploads\/2025\/02\/POFF2024_est-TLN_must.png 1000w, https:\/\/uus.noff.ee\/wp-content\/uploads\/2025\/02\/POFF2024_est-TLN_must-300x150.png 300w, https:\/\/uus.noff.ee\/wp-content\/uploads\/2025\/02\/POFF2024_est-TLN_must-768x384.png 768w, https:\/\/uus.noff.ee\/wp-content\/uploads\/2025\/02\/POFF2024_est-TLN_must-18x9.png 18w\" sizes=\"(max-width: 1000px) 100vw, 1000px\" \/>\t\t\t\t\t\t\t\t\t\t\t\t\t\t\t<\/div>\n\t\t\t\t<\/div>\n\t\t\t\t\t<\/div>\n\t\t<\/div>\n\t\t\t\t<div class=\"elementor-column elementor-col-33 elementor-top-column elementor-element elementor-element-3a0d52c7\" data-id=\"3a0d52c7\" data-element_type=\"column\">\n\t\t\t<div class=\"elementor-widget-wrap elementor-element-populated\">\n\t\t\t\t\t\t<div class=\"elementor-element elementor-element-57b5db55 elementor-widget elementor-widget-text-editor\" data-id=\"57b5db55\" data-element_type=\"widget\" data-widget_type=\"text-editor.default\">\n\t\t\t\t<div class=\"elementor-widget-container\">\n\t\t\t\t\t\t\t\t\t<p><span style=\"color: #000000;\">Naiste \u00d6\u00f6de filmifestival on Pimedate \u00d6\u00f6de filmifestivali partnerfestival ja P\u00d6FF-i juht Tiina Lokk on N\u00d6FF-i patroon.<\/span><\/p><p><span style=\"color: #000000;\">1997. aastal asutatud Pimedate \u00d6\u00f6de filmifestival kuulub P\u00f5hja-Euroopa suurimate filmifestivalide sekka, olles \u00fcks maailma 15st A-kategooria v\u00f5istlusprogrammiga festivalist, mida on tunnustanud Rahvusvaheline Filmiprodutsentide Liitude F\u00f6deratsioon (FIAPF). Festivali kavas on \u00fcle 200 pika m\u00e4ngu- ja ligemale 300 l\u00fchi- ja animafilmi, mis on viimastel aastatel kogunud 80 000 k\u00fclastust ja toonud Tallinna \u00fcle 300 v\u00e4lismaise filmindustegelase.<\/span><\/p>\t\t\t\t\t\t\t\t<\/div>\n\t\t\t\t<\/div>\n\t\t\t\t\t<\/div>\n\t\t<\/div>\n\t\t\t\t<div class=\"elementor-column elementor-col-33 elementor-top-column elementor-element elementor-element-e18fff1\" data-id=\"e18fff1\" data-element_type=\"column\">\n\t\t\t<div class=\"elementor-widget-wrap elementor-element-populated\">\n\t\t\t\t\t\t<div class=\"elementor-element elementor-element-25b00e6 elementor-widget__width-initial elementor-widget elementor-widget-image\" data-id=\"25b00e6\" data-element_type=\"widget\" data-widget_type=\"image.default\">\n\t\t\t\t<div class=\"elementor-widget-container\">\n\t\t\t\t\t\t\t\t\t\t\t\t\t\t\t<img decoding=\"async\" width=\"425\" height=\"419\" src=\"https:\/\/uus.noff.ee\/wp-content\/uploads\/2025\/02\/tiina-lokk--e1738915887285.jpeg\" class=\"attachment-full size-full wp-image-9415\" alt=\"\" srcset=\"https:\/\/uus.noff.ee\/wp-content\/uploads\/2025\/02\/tiina-lokk--e1738915887285.jpeg 425w, https:\/\/uus.noff.ee\/wp-content\/uploads\/2025\/02\/tiina-lokk--e1738915887285-300x296.jpeg 300w, https:\/\/uus.noff.ee\/wp-content\/uploads\/2025\/02\/tiina-lokk--e1738915887285-12x12.jpeg 12w\" sizes=\"(max-width: 425px) 100vw, 425px\" \/>\t\t\t\t\t\t\t\t\t\t\t\t\t\t\t<\/div>\n\t\t\t\t<\/div>\n\t\t\t\t\t<\/div>\n\t\t<\/div>\n\t\t\t\t\t<\/div>\n\t\t<\/section>\n\t\t\t\t<\/div>","protected":false},"excerpt":{"rendered":"<p>P\u00d6FF Pimedate \u00d6\u00f6de Filmifestival Naiste \u00d6\u00f6de filmifestival on Pimedate \u00d6\u00f6de filmifestivali partnerfestival ja P\u00d6FF-i juht Tiina Lokk on N\u00d6FF-i patroon. 1997. aastal asutatud Pimedate \u00d6\u00f6de filmifestival kuulub P\u00f5hja-Euroopa suurimate filmifestivalide sekka, olles \u00fcks maailma 15st A-kategooria v\u00f5istlusprogrammiga festivalist, mida on tunnustanud Rahvusvaheline Filmiprodutsentide Liitude F\u00f6deratsioon (FIAPF). Festivali kavas on \u00fcle 200 pika m\u00e4ngu- ja ligemale [&hellip;]<\/p>","protected":false},"author":1,"featured_media":0,"parent":0,"menu_order":0,"comment_status":"closed","ping_status":"closed","template":"page-full-width.php","meta":{"footnotes":""},"class_list":["post-9412","page","type-page","status-publish","hentry"],"_links":{"self":[{"href":"https:\/\/uus.noff.ee\/en\/wp-json\/wp\/v2\/pages\/9412","targetHints":{"allow":["GET"]}}],"collection":[{"href":"https:\/\/uus.noff.ee\/en\/wp-json\/wp\/v2\/pages"}],"about":[{"href":"https:\/\/uus.noff.ee\/en\/wp-json\/wp\/v2\/types\/page"}],"author":[{"embeddable":true,"href":"https:\/\/uus.noff.ee\/en\/wp-json\/wp\/v2\/users\/1"}],"replies":[{"embeddable":true,"href":"https:\/\/uus.noff.ee\/en\/wp-json\/wp\/v2\/comments?post=9412"}],"version-history":[{"count":19,"href":"https:\/\/uus.noff.ee\/en\/wp-json\/wp\/v2\/pages\/9412\/revisions"}],"predecessor-version":[{"id":19128,"href":"https:\/\/uus.noff.ee\/en\/wp-json\/wp\/v2\/pages\/9412\/revisions\/19128"}],"wp:attachment":[{"href":"https:\/\/uus.noff.ee\/en\/wp-json\/wp\/v2\/media?parent=9412"}],"curies":[{"name":"wp","href":"https:\/\/api.w.org\/{rel}","templated":true}]}}