{"id":897,"date":"2021-11-18T13:00:07","date_gmt":"2021-11-18T13:00:07","guid":{"rendered":"https:\/\/coppola.qodeinteractive.com\/?page_id=897"},"modified":"2025-02-12T14:20:21","modified_gmt":"2025-02-12T12:20:21","slug":"programm-2025","status":"publish","type":"page","link":"https:\/\/uus.noff.ee\/en\/programm-2025\/","title":{"rendered":"PROGRAMM 2025"},"content":{"rendered":"<div data-elementor-type=\"wp-page\" data-elementor-id=\"897\" class=\"elementor elementor-897\">\n\t\t\t\t\t\t<section class=\"elementor-section elementor-top-section elementor-element elementor-element-2e52c02 elementor-section-full_width qodef-elementor-content-grid elementor-section-height-default elementor-section-height-default\" data-id=\"2e52c02\" data-element_type=\"section\">\n\t\t\t\t\t\t<div class=\"elementor-container elementor-column-gap-default\">\n\t\t\t\t\t<div class=\"elementor-column elementor-col-100 elementor-top-column elementor-element elementor-element-e893a92\" data-id=\"e893a92\" data-element_type=\"column\">\n\t\t\t<div class=\"elementor-widget-wrap\">\n\t\t\t\t\t\t\t<\/div>\n\t\t<\/div>\n\t\t\t\t\t<\/div>\n\t\t<\/section>\n\t\t\t\t<section class=\"elementor-section elementor-top-section elementor-element elementor-element-c3c6360 elementor-section-full_width qodef-elementor-content-grid elementor-section-height-default elementor-section-height-default\" data-id=\"c3c6360\" data-element_type=\"section\">\n\t\t\t\t\t\t<div class=\"elementor-container elementor-column-gap-default\">\n\t\t\t\t\t<div class=\"elementor-column elementor-col-50 elementor-top-column elementor-element elementor-element-11574ac\" data-id=\"11574ac\" data-element_type=\"column\">\n\t\t\t<div class=\"elementor-widget-wrap elementor-element-populated\">\n\t\t\t\t\t\t<div class=\"elementor-element elementor-element-a8bafc2 elementor-widget elementor-widget-text-editor\" data-id=\"a8bafc2\" data-element_type=\"widget\" data-widget_type=\"text-editor.default\">\n\t\t\t\t<div class=\"elementor-widget-container\">\n\t\t\t\t\t\t\t\t\t<p><span style=\"color: #000000;\"><strong>19.00<\/strong> <a href=\"https:\/\/fienta.com\/et\/naiste-oode-filmifestival-noff-avamine\"><span style=\"color: #ff6600;\"><strong>Rapla kinos Naiste \u00d6\u00f6de filmifestivali pidulik avatseremoonia<\/strong><\/span><\/a> ja film &#8220;ROOTSI TORPEEDO&#8221;<\/span><\/p><p><span style=\"color: #000000;\">N\u00d6FFi k\u00fclalistele j\u00e4relpidu KUTSUTUD K\u00dcLALISTELE uues baaris <span style=\"color: #ff6600;\"><a style=\"color: #ff6600;\" href=\"https:\/\/maps.app.goo.gl\/PR3WCCsbQEqjHCQe9\"><strong>SPEKTER, Kauba 2, Rapla<\/strong><\/a><\/span><\/span><\/p><p><span style=\"color: #000000;\">Trepigaleriis avatakse samal \u00f5htul moefotograaf <span style=\"color: #ff6600;\"><a style=\"color: #ff6600;\" href=\"https:\/\/uus.noff.ee\/en\/fotonaitus-mustvalged-inglid\/\"><strong>Indrek Arula foton\u00e4itus <\/strong><\/a><\/span><\/span><a href=\"https:\/\/uus.noff.ee\/en\/fotonaitus-mustvalged-inglid\/\"><span style=\"color: #ff6600;\"><strong>\u201cMUST-VALGED INGLID\u201d <\/strong><\/span><\/a><\/p>\t\t\t\t\t\t\t\t<\/div>\n\t\t\t\t<\/div>\n\t\t\t\t\t<\/div>\n\t\t<\/div>\n\t\t\t\t<div class=\"elementor-column elementor-col-50 elementor-top-column elementor-element elementor-element-12d6e35\" data-id=\"12d6e35\" data-element_type=\"column\">\n\t\t\t<div class=\"elementor-widget-wrap elementor-element-populated\">\n\t\t\t\t\t\t<div class=\"elementor-element elementor-element-97c285a elementor-widget elementor-widget-text-editor\" data-id=\"97c285a\" data-element_type=\"widget\" data-widget_type=\"text-editor.default\">\n\t\t\t\t<div class=\"elementor-widget-container\">\n\t\t\t\t\t\t\t\t\t<p><span style=\"color: #000000;\"><strong>11.30<\/strong> avatakse <span style=\"color: #ff6600;\"><strong><a style=\"color: #ff6600;\" href=\"https:\/\/maps.app.goo.gl\/qpCXPGYbeTvzFjqy8\">Raplamaa Kaasaegse Kunsti Keskuses (Tallinna mnt 3b, Rapla)<\/a><\/strong><\/span> Soome kunstniku\u00a0<span style=\"color: #ff6600;\"><strong><a style=\"color: #ff6600;\" href=\"https:\/\/uus.noff.ee\/en\/matti-tapio-vainio-maalinaitus\/\" target=\"_blank\" rel=\"noopener\" data-saferedirecturl=\"https:\/\/www.google.com\/url?q=https:\/\/uus.noff.ee\/matti-tapio-vainio-maalinaitus\/&amp;source=gmail&amp;ust=1739341890679000&amp;usg=AOvVaw3-onJP5dPvW6vDrmqD6eH0\">Matti Tapio Vainio maalin\u00e4itus<\/a> <span style=\"color: #ff6600;\"><a style=\"color: #ff6600;\" href=\"https:\/\/uus.noff.ee\/en\/matti-tapio-vainio-maalinaitus\/\">&#8220;M\u00c4NGUV\u00c4LJAK&#8221;<\/a><\/span><\/strong><\/span>.<\/span><\/p><p><span style=\"color: #000000;\"><strong>12.30<\/strong> Rapla Kultuurikeskuse R\u00fctmani galeriis <a href=\"https:\/\/uus.noff.ee\/en\/heliinstallatsioon-kvartett\/\"><strong><span style=\"color: #ff6600;\">heliinstallatsioon &#8220;<\/span><\/strong><\/a><\/span><span style=\"color: #000000;\"><strong><span style=\"color: #ff6600;\">KVARTETT&#8221; kunstnik Lauri Lest<\/span><\/strong>, j\u00e4\u00e4b avatuks kuni m\u00e4rtsi l\u00f5puni.<\/span><\/p><p><span style=\"color: #000000;\"><strong>13.45<\/strong> Rapla kinos Rahvusarhiivi filmiarhiivi seanss \u00dclo Keeduse l\u00fchifilmidest, kureerib <\/span><span style=\"color: #000000;\">Maarja Hindoalla. TASUTA<\/span><\/p><p><span style=\"color: #000000;\"><strong>14.15 <a href=\"https:\/\/uus.noff.ee\/en\/film\/eesti-luhidokumentaalfilmide-seanss\/\"><span style=\"color: #ff6600;\">EESTI L\u00dcHIDOKUMENTAALFILMIDE SEANSS<\/span><\/a><\/strong>, kureerib Mirjam Matiisen, oma filme <\/span><span style=\"color: #000000;\">tutvustavad autorid.<\/span><\/p><p><span style=\"color: #000000;\"><strong>16.15 <a href=\"https:\/\/uus.noff.ee\/en\/film\/pink-lady\/\"><span style=\"color: #ff6600;\">\u201ePINK LADY\u201d<\/span><\/a><\/strong><\/span><\/p><p><span style=\"color: #000000;\"><strong>18.30 <a href=\"https:\/\/uus.noff.ee\/en\/film\/minu-kallimad\/\"><span style=\"color: #ff6600;\">\u201eMINU KALLIMAD\u201c<\/span><\/a><\/strong>. Autoriga vestleb Greta Roosaar.\u00a0<\/span><\/p><p><span style=\"color: #000000;\"><strong>21.00 <a href=\"https:\/\/uus.noff.ee\/en\/film\/tema-keha\/\"><span style=\"color: #ff6600;\">\u201eTEMA KEHA\u201c<\/span><\/a><\/strong><\/span><\/p>\t\t\t\t\t\t\t\t<\/div>\n\t\t\t\t<\/div>\n\t\t\t\t\t<\/div>\n\t\t<\/div>\n\t\t\t\t\t<\/div>\n\t\t<\/section>\n\t\t\t\t<section class=\"elementor-section elementor-top-section elementor-element elementor-element-e9317af elementor-section-full_width qodef-elementor-content-grid elementor-section-height-default elementor-section-height-default\" data-id=\"e9317af\" data-element_type=\"section\">\n\t\t\t\t\t\t<div class=\"elementor-container elementor-column-gap-default\">\n\t\t\t\t\t<div class=\"elementor-column elementor-col-50 elementor-top-column elementor-element elementor-element-07904e9\" data-id=\"07904e9\" data-element_type=\"column\">\n\t\t\t<div class=\"elementor-widget-wrap elementor-element-populated\">\n\t\t\t\t\t\t<div class=\"elementor-element elementor-element-2ea9f45 elementor-widget elementor-widget-text-editor\" data-id=\"2ea9f45\" data-element_type=\"widget\" data-widget_type=\"text-editor.default\">\n\t\t\t\t<div class=\"elementor-widget-container\">\n\t\t\t\t\t\t\t\t\t<p><span style=\"color: #000000;\"><strong>13.00 <a href=\"https:\/\/uus.noff.ee\/en\/film\/armastuse-kaja\/\"><span style=\"color: #ff6600;\">\u201eARMASTUSE KAJA\u201d\u00a0<\/span><\/a><\/strong><\/span><\/p><p><span style=\"color: #000000;\"><strong>15.00 <\/strong>Cannes Lions <strong><span style=\"color: #ff6600;\">&#8220;<a style=\"color: #ff6600;\" href=\"https:\/\/uus.noff.ee\/en\/film\/cannes-lions-she-showcase\/\">SHE SHOWCASE&#8221;<\/a><\/span><\/strong> kureerib Marika Jahilo. Erihinnaga noortele <\/span><span style=\"color: #000000;\">filmivaatajatele.<\/span><\/p><p><span style=\"color: #000000;\"><strong>17.00 <a href=\"https:\/\/uus.noff.ee\/en\/film\/taiuslik-tugi\/\"><span style=\"color: #ff6600;\">\u201eT\u00c4IUSLIK TUGI\u201d<\/span><\/a><\/strong>. Filmi autoriga vestleb Mike Arnott, <\/span><span style=\"color: #000000;\">eestikeelne t\u00f5lge K\u00e4tlin Palm. L\u00fchiloeng Eesti pesu ajaloost Malle Pajula.<\/span><\/p><p><span style=\"color: #000000;\"><strong>20.00 <span style=\"color: #ff6600;\"><a style=\"color: #ff6600;\" href=\"https:\/\/uus.noff.ee\/en\/film\/sarah-bernhardt-diiva\/\">\u201eSARAH BERNHARDT\u201c<\/a><\/span><\/strong><\/span><\/p>\t\t\t\t\t\t\t\t<\/div>\n\t\t\t\t<\/div>\n\t\t\t\t\t<\/div>\n\t\t<\/div>\n\t\t\t\t<div class=\"elementor-column elementor-col-50 elementor-top-column elementor-element elementor-element-1cb10be\" data-id=\"1cb10be\" data-element_type=\"column\">\n\t\t\t<div class=\"elementor-widget-wrap elementor-element-populated\">\n\t\t\t\t\t\t<div class=\"elementor-element elementor-element-03e3808 elementor-widget elementor-widget-text-editor\" data-id=\"03e3808\" data-element_type=\"widget\" data-widget_type=\"text-editor.default\">\n\t\t\t\t<div class=\"elementor-widget-container\">\n\t\t\t\t\t\t\t\t\t<p><span style=\"color: #000000;\"><strong>11.30 <a href=\"https:\/\/uus.noff.ee\/en\/lilli-luuk-ooema\/\"><span style=\"color: #ff6600;\">raamatu \u00d6\u00d6EMA esitlus<\/span><\/a><\/strong>, kirjanik Lilli Luuk-iga vestleb Stina Andok<\/span><\/p><p><span style=\"color: #000000;\"><strong>13.00 <span style=\"color: #ff6600;\"><a style=\"color: #ff6600;\" href=\"https:\/\/uus.noff.ee\/en\/film\/taiuslik-tugi\/\">\u201eT\u00c4IUSLIK TUGI\u201c<\/a><\/span><\/strong><\/span><\/p><p><span style=\"color: #000000;\"><strong>17.00 <a href=\"#\"><span style=\"color: #ff6600;\">\u201eROOTSI TORPEEDO\u201c<\/span><\/a><\/strong><\/span><\/p>\t\t\t\t\t\t\t\t<\/div>\n\t\t\t\t<\/div>\n\t\t\t\t\t<\/div>\n\t\t<\/div>\n\t\t\t\t\t<\/div>\n\t\t<\/section>\n\t\t\t\t<section class=\"elementor-section elementor-top-section elementor-element elementor-element-8e39362 elementor-section-full_width qodef-elementor-content-grid elementor-section-height-default elementor-section-height-default\" data-id=\"8e39362\" data-element_type=\"section\">\n\t\t\t\t\t\t<div class=\"elementor-container elementor-column-gap-default\">\n\t\t\t\t\t<div class=\"elementor-column elementor-col-50 elementor-top-column elementor-element elementor-element-d02ad6d\" data-id=\"d02ad6d\" data-element_type=\"column\">\n\t\t\t<div class=\"elementor-widget-wrap elementor-element-populated\">\n\t\t\t\t\t\t<div class=\"elementor-element elementor-element-01f448b elementor-widget elementor-widget-text-editor\" data-id=\"01f448b\" data-element_type=\"widget\" data-widget_type=\"text-editor.default\">\n\t\t\t\t<div class=\"elementor-widget-container\">\n\t\t\t\t\t\t\t\t\t<h5><strong><span style=\"color: #000000;\">Pilet eelm\u00fc\u00fcgist 8 eurot, <br \/>kohapeal 10 eurot.<\/span><\/strong><\/h5><p><span style=\"color: #000000;\">K\u00f5ikidel filmidel on eestikeelsed subtiitrid.<\/span><br \/><span style=\"color: #000000;\">Kinopileteid saab osta <strong><a href=\"http:\/\/www.fienta.com\">www.fienta.com<\/a><\/strong> ja enne filmi kohapeal kassas.<\/span><br \/><span style=\"color: #000000;\">Korraldajal on \u00f5igus teha programmis muudatusi.<\/span><\/p>\t\t\t\t\t\t\t\t<\/div>\n\t\t\t\t<\/div>\n\t\t\t\t\t<\/div>\n\t\t<\/div>\n\t\t\t\t<div class=\"elementor-column elementor-col-50 elementor-top-column elementor-element elementor-element-ed6786d\" data-id=\"ed6786d\" data-element_type=\"column\">\n\t\t\t<div class=\"elementor-widget-wrap\">\n\t\t\t\t\t\t\t<\/div>\n\t\t<\/div>\n\t\t\t\t\t<\/div>\n\t\t<\/section>\n\t\t\t\t<section class=\"elementor-section elementor-top-section elementor-element elementor-element-5bd6725c elementor-section-full_width elementor-section-height-default elementor-section-height-default qodef-elementor-content-no\" data-id=\"5bd6725c\" data-element_type=\"section\" data-settings=\"{&quot;background_background&quot;:&quot;classic&quot;}\">\n\t\t\t\t\t\t<div class=\"elementor-container elementor-column-gap-default\">\n\t\t\t\t\t<div class=\"elementor-column elementor-col-100 elementor-top-column elementor-element elementor-element-755f900\" data-id=\"755f900\" data-element_type=\"column\">\n\t\t\t<div class=\"elementor-widget-wrap elementor-element-populated\">\n\t\t\t\t\t\t<section class=\"elementor-section elementor-inner-section elementor-element elementor-element-4f20a433 elementor-section-full_width elementor-section-height-default elementor-section-height-default qodef-elementor-content-no\" data-id=\"4f20a433\" data-element_type=\"section\">\n\t\t\t\t\t\t<div class=\"elementor-container elementor-column-gap-default\">\n\t\t\t\t\t<div class=\"elementor-column elementor-col-100 elementor-inner-column elementor-element elementor-element-73ef3247\" data-id=\"73ef3247\" data-element_type=\"column\">\n\t\t\t<div class=\"elementor-widget-wrap\">\n\t\t\t\t\t\t\t<\/div>\n\t\t<\/div>\n\t\t\t\t\t<\/div>\n\t\t<\/section>\n\t\t\t\t<section class=\"elementor-section elementor-inner-section elementor-element elementor-element-5fb7057f elementor-section-full_width elementor-section-height-default elementor-section-height-default qodef-elementor-content-no\" data-id=\"5fb7057f\" data-element_type=\"section\">\n\t\t\t\t\t\t<div class=\"elementor-container elementor-column-gap-default\">\n\t\t\t\t\t<div class=\"elementor-column elementor-col-100 elementor-inner-column elementor-element elementor-element-321349c6\" data-id=\"321349c6\" data-element_type=\"column\">\n\t\t\t<div class=\"elementor-widget-wrap\">\n\t\t\t\t\t\t\t<\/div>\n\t\t<\/div>\n\t\t\t\t\t<\/div>\n\t\t<\/section>\n\t\t\t\t\t<\/div>\n\t\t<\/div>\n\t\t\t\t\t<\/div>\n\t\t<\/section>\n\t\t\t\t<\/div>","protected":false},"excerpt":{"rendered":"<p>PROGRAMM 2025 Reede, 7. m\u00e4rts RAPLAS 19.00 Rapla kinos Naiste \u00d6\u00f6de filmifestivali pidulik avatseremoonia ja film &#8220;ROOTSI TORPEEDO&#8221; N\u00d6FFi k\u00fclalistele j\u00e4relpidu KUTSUTUD K\u00dcLALISTELE uues baaris SPEKTER, Kauba 2, Rapla Trepigaleriis avatakse samal \u00f5htul moefotograaf Indrek Arula foton\u00e4itus \u201cMUST-VALGED INGLID\u201d Laup\u00e4ev, 8. m\u00e4rts RAPLAS 11.30 avatakse Raplamaa Kaasaegse Kunsti Keskuses (Tallinna mnt 3b, Rapla) Soome kunstniku\u00a0Matti [&hellip;]<\/p>","protected":false},"author":1,"featured_media":0,"parent":0,"menu_order":0,"comment_status":"closed","ping_status":"closed","template":"page-full-width.php","meta":{"footnotes":""},"class_list":["post-897","page","type-page","status-publish","hentry"],"_links":{"self":[{"href":"https:\/\/uus.noff.ee\/en\/wp-json\/wp\/v2\/pages\/897","targetHints":{"allow":["GET"]}}],"collection":[{"href":"https:\/\/uus.noff.ee\/en\/wp-json\/wp\/v2\/pages"}],"about":[{"href":"https:\/\/uus.noff.ee\/en\/wp-json\/wp\/v2\/types\/page"}],"author":[{"embeddable":true,"href":"https:\/\/uus.noff.ee\/en\/wp-json\/wp\/v2\/users\/1"}],"replies":[{"embeddable":true,"href":"https:\/\/uus.noff.ee\/en\/wp-json\/wp\/v2\/comments?post=897"}],"version-history":[{"count":112,"href":"https:\/\/uus.noff.ee\/en\/wp-json\/wp\/v2\/pages\/897\/revisions"}],"predecessor-version":[{"id":19138,"href":"https:\/\/uus.noff.ee\/en\/wp-json\/wp\/v2\/pages\/897\/revisions\/19138"}],"wp:attachment":[{"href":"https:\/\/uus.noff.ee\/en\/wp-json\/wp\/v2\/media?parent=897"}],"curies":[{"name":"wp","href":"https:\/\/api.w.org\/{rel}","templated":true}]}}