{"id":508,"date":"2021-11-17T14:17:20","date_gmt":"2021-11-17T14:17:20","guid":{"rendered":"https:\/\/coppola.qodeinteractive.com\/?page_id=508"},"modified":"2025-02-12T14:54:45","modified_gmt":"2025-02-12T12:54:45","slug":"avaleht","status":"publish","type":"page","link":"https:\/\/uus.noff.ee\/en\/","title":{"rendered":"Avaleht"},"content":{"rendered":"<div data-elementor-type=\"wp-page\" data-elementor-id=\"508\" class=\"elementor elementor-508\">\n\t\t\t\t<div class=\"elementor-element elementor-element-06713a8 e-con-full e-flex qodef-elementor-content-no e-con e-parent\" data-id=\"06713a8\" data-element_type=\"container\">\n\t\t\t\t<div class=\"elementor-element elementor-element-83066b8 elementor-widget elementor-widget-image\" data-id=\"83066b8\" data-element_type=\"widget\" data-widget_type=\"image.default\">\n\t\t\t\t<div class=\"elementor-widget-container\">\n\t\t\t\t\t\t\t\t\t\t\t\t\t\t\t<img fetchpriority=\"high\" decoding=\"async\" width=\"1920\" height=\"1005\" src=\"https:\/\/uus.noff.ee\/wp-content\/uploads\/2025\/02\/NOFF2025_1920x1005_2.webp\" class=\"attachment-full size-full wp-image-9250\" alt=\"\" srcset=\"https:\/\/uus.noff.ee\/wp-content\/uploads\/2025\/02\/NOFF2025_1920x1005_2.webp 1920w, https:\/\/uus.noff.ee\/wp-content\/uploads\/2025\/02\/NOFF2025_1920x1005_2-300x157.webp 300w, https:\/\/uus.noff.ee\/wp-content\/uploads\/2025\/02\/NOFF2025_1920x1005_2-1024x536.webp 1024w, https:\/\/uus.noff.ee\/wp-content\/uploads\/2025\/02\/NOFF2025_1920x1005_2-768x402.webp 768w, https:\/\/uus.noff.ee\/wp-content\/uploads\/2025\/02\/NOFF2025_1920x1005_2-1536x804.webp 1536w\" sizes=\"(max-width: 1920px) 100vw, 1920px\" \/>\t\t\t\t\t\t\t\t\t\t\t\t\t\t\t<\/div>\n\t\t\t\t<\/div>\n\t\t\t\t<\/div>\n\t\t\t\t<section class=\"elementor-section elementor-top-section elementor-element elementor-element-637a42b6 elementor-section-full_width qodef-elementor-content-grid elementor-section-height-default elementor-section-height-default\" data-id=\"637a42b6\" data-element_type=\"section\">\n\t\t\t\t\t\t<div class=\"elementor-container elementor-column-gap-default\">\n\t\t\t\t\t<div class=\"elementor-column elementor-col-50 elementor-top-column elementor-element elementor-element-4ed9abda\" data-id=\"4ed9abda\" data-element_type=\"column\">\n\t\t\t<div class=\"elementor-widget-wrap elementor-element-populated\">\n\t\t\t\t\t\t<div class=\"elementor-element elementor-element-c6bb670 elementor-widget elementor-widget-image\" data-id=\"c6bb670\" data-element_type=\"widget\" data-widget_type=\"image.default\">\n\t\t\t\t<div class=\"elementor-widget-container\">\n\t\t\t\t\t\t\t\t\t\t\t\t\t\t\t<img decoding=\"async\" width=\"1024\" height=\"310\" src=\"https:\/\/uus.noff.ee\/wp-content\/uploads\/2025\/02\/Logo-Noff-2025-1024x310.png\" class=\"attachment-large size-large wp-image-9321\" alt=\"\" srcset=\"https:\/\/uus.noff.ee\/wp-content\/uploads\/2025\/02\/Logo-Noff-2025-1024x310.png 1024w, https:\/\/uus.noff.ee\/wp-content\/uploads\/2025\/02\/Logo-Noff-2025-300x91.png 300w, https:\/\/uus.noff.ee\/wp-content\/uploads\/2025\/02\/Logo-Noff-2025-768x232.png 768w, https:\/\/uus.noff.ee\/wp-content\/uploads\/2025\/02\/Logo-Noff-2025-18x5.png 18w, https:\/\/uus.noff.ee\/wp-content\/uploads\/2025\/02\/Logo-Noff-2025.png 1475w\" sizes=\"(max-width: 1024px) 100vw, 1024px\" \/>\t\t\t\t\t\t\t\t\t\t\t\t\t\t\t<\/div>\n\t\t\t\t<\/div>\n\t\t\t\t\t<\/div>\n\t\t<\/div>\n\t\t\t\t<div class=\"elementor-column elementor-col-50 elementor-top-column elementor-element elementor-element-529c8f8b\" data-id=\"529c8f8b\" data-element_type=\"column\">\n\t\t\t<div class=\"elementor-widget-wrap elementor-element-populated\">\n\t\t\t\t\t\t<div class=\"elementor-element elementor-element-815a6d6 elementor-widget elementor-widget-text-editor\" data-id=\"815a6d6\" data-element_type=\"widget\" data-widget_type=\"text-editor.default\">\n\t\t\t\t<div class=\"elementor-widget-container\">\n\t\t\t\t\t\t\t\t\t<h5><span style=\"color: #000000;\">Yin ja Yang, vastandid, tasakaal, harmoonia, sugupooled, armastajad. <\/span><\/h5><p><span style=\"color: #000000;\"><strong>Naiste \u00d6\u00f6de filmifestival N\u00d6FF 2025<\/strong> aitab lahti harutada naiste ja meeste keerukaid, meeli\u00fclendavaid, vastuolulisi ja mitmek\u00fclgseid suhted\u00fcnaamikaid.<\/span><\/p><p><span style=\"color: #000000;\">L\u00e4bi mitmete suurep\u00e4raselt kvaliteetsete m\u00e4ngu- ja dokumentaalfilmide, p\u00f5nevate n\u00e4ituste ja raamatuesitluste vaadatakse nendele ja paljudele teistele teemadele otsa, mis seostuvad moel v\u00f5i teisel naiste, meeste ja k\u00f5ige sellega, mis j\u00e4\u00e4b nende vahele.<\/span><\/p><p><span style=\"color: #000000;\">N\u00d6FF-i raames linastuvad filmid k\u00fcsivad ja arutlevad, kes on silmapaistev naine, millised on naistele eriomased elulised keerukused, milline v\u00e4\u00e4rtus on naise kehal, kui olulised on armastus ja suhted naise elus ning kuidas m\u00f5jutavad meid \u00fchiskond, kultuuriline taust, religioon ja seksuaalsus.<\/span><\/p>\t\t\t\t\t\t\t\t<\/div>\n\t\t\t\t<\/div>\n\t\t\t\t\t<\/div>\n\t\t<\/div>\n\t\t\t\t\t<\/div>\n\t\t<\/section>\n\t\t\t\t<section class=\"elementor-section elementor-top-section elementor-element elementor-element-133d2712 elementor-section-full_width elementor-section-height-default elementor-section-height-default qodef-elementor-content-no\" data-id=\"133d2712\" data-element_type=\"section\" data-settings=\"{&quot;background_background&quot;:&quot;classic&quot;}\">\n\t\t\t\t\t\t<div class=\"elementor-container elementor-column-gap-default\">\n\t\t\t\t\t<div class=\"elementor-column elementor-col-100 elementor-top-column elementor-element elementor-element-747a0779\" data-id=\"747a0779\" data-element_type=\"column\">\n\t\t\t<div class=\"elementor-widget-wrap elementor-element-populated\">\n\t\t\t\t\t\t<section class=\"elementor-section elementor-inner-section elementor-element elementor-element-f8fc64 elementor-section-full_width elementor-section-height-default elementor-section-height-default qodef-elementor-content-no\" data-id=\"f8fc64\" data-element_type=\"section\">\n\t\t\t\t\t\t<div class=\"elementor-container elementor-column-gap-default\">\n\t\t\t\t\t<div class=\"elementor-column elementor-col-100 elementor-inner-column elementor-element elementor-element-10660a9f\" data-id=\"10660a9f\" data-element_type=\"column\">\n\t\t\t<div class=\"elementor-widget-wrap\">\n\t\t\t\t\t\t\t<\/div>\n\t\t<\/div>\n\t\t\t\t\t<\/div>\n\t\t<\/section>\n\t\t\t\t<section class=\"elementor-section elementor-inner-section elementor-element elementor-element-392b945d elementor-section-full_width elementor-section-height-default elementor-section-height-default qodef-elementor-content-no\" data-id=\"392b945d\" data-element_type=\"section\">\n\t\t\t\t\t\t<div class=\"elementor-container elementor-column-gap-default\">\n\t\t\t\t\t<div class=\"elementor-column elementor-col-100 elementor-inner-column elementor-element elementor-element-062d9ce\" data-id=\"062d9ce\" data-element_type=\"column\">\n\t\t\t<div class=\"elementor-widget-wrap\">\n\t\t\t\t\t\t\t<\/div>\n\t\t<\/div>\n\t\t\t\t\t<\/div>\n\t\t<\/section>\n\t\t\t\t\t<\/div>\n\t\t<\/div>\n\t\t\t\t\t<\/div>\n\t\t<\/section>\n\t\t\t\t<section class=\"elementor-section elementor-top-section elementor-element elementor-element-23d59ade elementor-section-full_width elementor-section-height-default elementor-section-height-default qodef-elementor-content-no\" data-id=\"23d59ade\" data-element_type=\"section\" data-settings=\"{&quot;background_background&quot;:&quot;classic&quot;}\">\n\t\t\t\t\t\t<div class=\"elementor-container elementor-column-gap-default\">\n\t\t\t\t\t<div class=\"elementor-column elementor-col-100 elementor-top-column elementor-element elementor-element-27ce94de\" data-id=\"27ce94de\" data-element_type=\"column\">\n\t\t\t<div class=\"elementor-widget-wrap elementor-element-populated\">\n\t\t\t\t\t\t<section class=\"elementor-section elementor-inner-section elementor-element elementor-element-7a820ab0 elementor-section-full_width elementor-section-height-default elementor-section-height-default qodef-elementor-content-no\" data-id=\"7a820ab0\" data-element_type=\"section\">\n\t\t\t\t\t\t<div class=\"elementor-container elementor-column-gap-default\">\n\t\t\t\t\t<div class=\"elementor-column elementor-col-100 elementor-inner-column elementor-element elementor-element-ed8a4fd\" data-id=\"ed8a4fd\" data-element_type=\"column\">\n\t\t\t<div class=\"elementor-widget-wrap\">\n\t\t\t\t\t\t\t<\/div>\n\t\t<\/div>\n\t\t\t\t\t<\/div>\n\t\t<\/section>\n\t\t\t\t<section class=\"elementor-section elementor-inner-section elementor-element elementor-element-cbe5953 elementor-section-full_width elementor-section-height-default elementor-section-height-default qodef-elementor-content-no\" data-id=\"cbe5953\" data-element_type=\"section\">\n\t\t\t\t\t\t<div class=\"elementor-container elementor-column-gap-default\">\n\t\t\t\t\t<div class=\"elementor-column elementor-col-100 elementor-inner-column elementor-element elementor-element-17df4e64\" data-id=\"17df4e64\" data-element_type=\"column\">\n\t\t\t<div class=\"elementor-widget-wrap\">\n\t\t\t\t\t\t\t<\/div>\n\t\t<\/div>\n\t\t\t\t\t<\/div>\n\t\t<\/section>\n\t\t\t\t\t<\/div>\n\t\t<\/div>\n\t\t\t\t\t<\/div>\n\t\t<\/section>\n\t\t\t\t<section class=\"elementor-section elementor-top-section elementor-element elementor-element-40e97a3 elementor-section-full_width elementor-section-height-default elementor-section-height-default qodef-elementor-content-no\" data-id=\"40e97a3\" data-element_type=\"section\" data-settings=\"{&quot;background_background&quot;:&quot;classic&quot;}\">\n\t\t\t\t\t\t<div class=\"elementor-container elementor-column-gap-default\">\n\t\t\t\t\t<div class=\"elementor-column elementor-col-100 elementor-top-column elementor-element elementor-element-ae692d9\" data-id=\"ae692d9\" data-element_type=\"column\">\n\t\t\t<div class=\"elementor-widget-wrap elementor-element-populated\">\n\t\t\t\t\t\t<section class=\"elementor-section elementor-inner-section elementor-element elementor-element-a0c80a9 elementor-section-full_width elementor-section-height-default elementor-section-height-default qodef-elementor-content-no\" data-id=\"a0c80a9\" data-element_type=\"section\">\n\t\t\t\t\t\t<div class=\"elementor-container elementor-column-gap-default\">\n\t\t\t\t\t<div class=\"elementor-column elementor-col-100 elementor-inner-column elementor-element elementor-element-6fc67ac\" data-id=\"6fc67ac\" data-element_type=\"column\">\n\t\t\t<div class=\"elementor-widget-wrap\">\n\t\t\t\t\t\t\t<\/div>\n\t\t<\/div>\n\t\t\t\t\t<\/div>\n\t\t<\/section>\n\t\t\t\t<section class=\"elementor-section elementor-inner-section elementor-element elementor-element-62c4255 elementor-section-full_width elementor-section-height-default elementor-section-height-default qodef-elementor-content-no\" data-id=\"62c4255\" data-element_type=\"section\">\n\t\t\t\t\t\t<div class=\"elementor-container elementor-column-gap-wide\">\n\t\t\t\t\t<div class=\"elementor-column elementor-col-50 elementor-inner-column elementor-element elementor-element-0c6a739\" data-id=\"0c6a739\" data-element_type=\"column\">\n\t\t\t<div class=\"elementor-widget-wrap\">\n\t\t\t\t\t\t\t<\/div>\n\t\t<\/div>\n\t\t\t\t<div class=\"elementor-column elementor-col-50 elementor-inner-column elementor-element elementor-element-d2c2130\" data-id=\"d2c2130\" data-element_type=\"column\" data-settings=\"{&quot;background_background&quot;:&quot;classic&quot;}\">\n\t\t\t<div class=\"elementor-widget-wrap\">\n\t\t\t\t\t\t\t<\/div>\n\t\t<\/div>\n\t\t\t\t\t<\/div>\n\t\t<\/section>\n\t\t\t\t\t<\/div>\n\t\t<\/div>\n\t\t\t\t\t<\/div>\n\t\t<\/section>\n\t\t\t\t<section class=\"elementor-section elementor-top-section elementor-element elementor-element-07181f6 elementor-section-full_width elementor-section-height-default elementor-section-height-default qodef-elementor-content-no\" data-id=\"07181f6\" data-element_type=\"section\" data-settings=\"{&quot;background_background&quot;:&quot;classic&quot;}\">\n\t\t\t\t\t\t<div class=\"elementor-container elementor-column-gap-default\">\n\t\t\t\t\t<div class=\"elementor-column elementor-col-100 elementor-top-column elementor-element elementor-element-fcd68d9\" data-id=\"fcd68d9\" data-element_type=\"column\">\n\t\t\t<div class=\"elementor-widget-wrap elementor-element-populated\">\n\t\t\t\t\t\t<section class=\"elementor-section elementor-inner-section elementor-element elementor-element-a6537eb elementor-section-full_width elementor-section-height-default elementor-section-height-default qodef-elementor-content-no\" data-id=\"a6537eb\" data-element_type=\"section\">\n\t\t\t\t\t\t<div class=\"elementor-container elementor-column-gap-default\">\n\t\t\t\t\t<div class=\"elementor-column elementor-col-100 elementor-inner-column elementor-element elementor-element-0cd4c4a\" data-id=\"0cd4c4a\" data-element_type=\"column\">\n\t\t\t<div class=\"elementor-widget-wrap\">\n\t\t\t\t\t\t\t<\/div>\n\t\t<\/div>\n\t\t\t\t\t<\/div>\n\t\t<\/section>\n\t\t\t\t<section class=\"elementor-section elementor-inner-section elementor-element elementor-element-b4a7f14 elementor-section-full_width elementor-section-height-default elementor-section-height-default qodef-elementor-content-no\" data-id=\"b4a7f14\" data-element_type=\"section\">\n\t\t\t\t\t\t<div class=\"elementor-container elementor-column-gap-default\">\n\t\t\t\t\t<div class=\"elementor-column elementor-col-100 elementor-inner-column elementor-element elementor-element-ae73f00\" data-id=\"ae73f00\" data-element_type=\"column\">\n\t\t\t<div class=\"elementor-widget-wrap elementor-element-populated\">\n\t\t\t\t\t\t<div class=\"elementor-element elementor-element-df999b8 elementor-widget elementor-widget-qi_addons_for_elementor_clients_list\" data-id=\"df999b8\" data-element_type=\"widget\" data-widget_type=\"qi_addons_for_elementor_clients_list.default\">\n\t\t\t\t<div class=\"elementor-widget-container\">\n\t\t\t\t\t<div class=\"qodef-shortcode qodef-m  qodef-qi-clients-list qodef-border--no    qodef-qi-grid qodef-layout--qi-columns  qodef-col-num--3   qodef-responsive--predefined\">\n\t<div class=\"qodef-grid-inner\">\n\t\t<div class=\"qodef-e qodef-grid-item\">\n\t<div class=\"qodef-e-inner\">\n\t\t\t\t\t<a href=\"https:\/\/uus.noff.ee\/en\/heliinstallatsioon-kvartett\/\" target=\"_self\">\n\t\t\t\t<div class=\"qodef-e-images-holder\">\n\t\t\t\t\t\t\t<div class=\"qodef-e-main-image\">\n\t\t\t\t\t<img decoding=\"async\" width=\"650\" height=\"650\" src=\"https:\/\/uus.noff.ee\/wp-content\/uploads\/2025\/02\/herned-perf-screenshot-01-portrait-650x650.png\" class=\"attachment-qi_addons_for_elementor_image_size_square size-qi_addons_for_elementor_image_size_square\" alt=\"\" srcset=\"https:\/\/uus.noff.ee\/wp-content\/uploads\/2025\/02\/herned-perf-screenshot-01-portrait-650x650.png 650w, https:\/\/uus.noff.ee\/wp-content\/uploads\/2025\/02\/herned-perf-screenshot-01-portrait-150x150.png 150w\" sizes=\"(max-width: 650px) 100vw, 650px\" \/>\t\t\t\t<\/div>\n\t\t\t\t\t\t\t\t<\/div>\n\t\t\t\t\t<\/a>\n\t\t\t\t\t<h5 class=\"qodef-e-title\">\n\t\t\t<a href=\"https:\/\/uus.noff.ee\/en\/heliinstallatsioon-kvartett\/\" target=\"_self\">\n\t\t\tLauri Lesta heliinstallatsioon \u201cKvartett\u201d\t\t\t<\/a>\n\t\t<\/h5>\n\t\t\t<p class=\"qodef-e-text\">\n\t\tR\u00fctmani galeriis\n8.03\u201330.03.2025\t<\/p>\n\t\t\t<\/div>\n<\/div>\n<div class=\"qodef-e qodef-grid-item\">\n\t<div class=\"qodef-e-inner\">\n\t\t\t\t\t<a href=\"https:\/\/uus.noff.ee\/en\/matti-tapio-vainio-maalinaitus\/\" target=\"_self\">\n\t\t\t\t<div class=\"qodef-e-images-holder\">\n\t\t\t\t\t\t\t<div class=\"qodef-e-main-image\">\n\t\t\t\t\t<img loading=\"lazy\" decoding=\"async\" width=\"650\" height=\"650\" src=\"https:\/\/uus.noff.ee\/wp-content\/uploads\/2025\/02\/Matti-Manguvaljak-650x650.jpg\" class=\"attachment-qi_addons_for_elementor_image_size_square size-qi_addons_for_elementor_image_size_square\" alt=\"\" srcset=\"https:\/\/uus.noff.ee\/wp-content\/uploads\/2025\/02\/Matti-Manguvaljak-650x650.jpg 650w, https:\/\/uus.noff.ee\/wp-content\/uploads\/2025\/02\/Matti-Manguvaljak-150x150.jpg 150w\" sizes=\"(max-width: 650px) 100vw, 650px\" \/>\t\t\t\t<\/div>\n\t\t\t\t\t\t\t\t<\/div>\n\t\t\t\t\t<\/a>\n\t\t\t\t\t<h5 class=\"qodef-e-title\">\n\t\t\t<a href=\"https:\/\/uus.noff.ee\/en\/matti-tapio-vainio-maalinaitus\/\" target=\"_self\">\n\t\t\tMatti Tapio Vainio maalin\u00e4itus &quot;M\u00c4NGUV\u00c4LJAK&quot;\t\t\t<\/a>\n\t\t<\/h5>\n\t\t\t<p class=\"qodef-e-text\">\n\t\tRaplamaa Kaasaegse Kunsti Keskuses 8.03\u201330.03\t<\/p>\n\t\t\t<\/div>\n<\/div>\n<div class=\"qodef-e qodef-grid-item\">\n\t<div class=\"qodef-e-inner\">\n\t\t\t\t\t<a href=\"https:\/\/uus.noff.ee\/en\/fotonaitus-mustvalged-inglid\/\" target=\"_self\">\n\t\t\t\t<div class=\"qodef-e-images-holder\">\n\t\t\t\t\t\t\t<div class=\"qodef-e-main-image\">\n\t\t\t\t\t<img loading=\"lazy\" decoding=\"async\" width=\"275\" height=\"183\" src=\"https:\/\/uus.noff.ee\/wp-content\/uploads\/2025\/02\/contact_uus2.jpg\" class=\"attachment-qi_addons_for_elementor_image_size_square size-qi_addons_for_elementor_image_size_square\" alt=\"\" srcset=\"https:\/\/uus.noff.ee\/wp-content\/uploads\/2025\/02\/contact_uus2.jpg 275w, https:\/\/uus.noff.ee\/wp-content\/uploads\/2025\/02\/contact_uus2-18x12.jpg 18w\" sizes=\"(max-width: 275px) 100vw, 275px\" \/>\t\t\t\t<\/div>\n\t\t\t\t\t\t\t\t<\/div>\n\t\t\t\t\t<\/a>\n\t\t\t\t\t<h5 class=\"qodef-e-title\">\n\t\t\t<a href=\"https:\/\/uus.noff.ee\/en\/fotonaitus-mustvalged-inglid\/\" target=\"_self\">\n\t\t\tFoton\u00e4itus &quot;MUSTVALGED INGLID&quot;\t\t\t<\/a>\n\t\t<\/h5>\n\t\t\t<p class=\"qodef-e-text\">\n\t\tRapla kino Trepigaleriis 7.03\u201330.04.25\t<\/p>\n\t\t\t<\/div>\n<\/div>\n\t<\/div>\n<\/div>\n\t\t\t\t<\/div>\n\t\t\t\t<\/div>\n\t\t\t\t\t<\/div>\n\t\t<\/div>\n\t\t\t\t\t<\/div>\n\t\t<\/section>\n\t\t\t\t\t<\/div>\n\t\t<\/div>\n\t\t\t\t\t<\/div>\n\t\t<\/section>\n\t\t\t\t<section class=\"elementor-section elementor-top-section elementor-element elementor-element-00413f2 elementor-section-full_width qodef-elementor-content-grid elementor-section-height-default elementor-section-height-default\" data-id=\"00413f2\" data-element_type=\"section\">\n\t\t\t\t\t\t<div class=\"elementor-container elementor-column-gap-default\">\n\t\t\t\t\t<div class=\"elementor-column elementor-col-50 elementor-top-column elementor-element elementor-element-b5cae1b\" data-id=\"b5cae1b\" data-element_type=\"column\">\n\t\t\t<div class=\"elementor-widget-wrap elementor-element-populated\">\n\t\t\t\t\t\t<div class=\"elementor-element elementor-element-52fb612 elementor-widget elementor-widget-image\" data-id=\"52fb612\" data-element_type=\"widget\" data-widget_type=\"image.default\">\n\t\t\t\t<div class=\"elementor-widget-container\">\n\t\t\t\t\t\t\t\t\t\t\t\t\t\t\t<img loading=\"lazy\" decoding=\"async\" width=\"1024\" height=\"254\" src=\"https:\/\/uus.noff.ee\/wp-content\/uploads\/2025\/02\/Leader_EL_must-1024x254.jpg\" class=\"attachment-large size-large wp-image-18711\" alt=\"\" srcset=\"https:\/\/uus.noff.ee\/wp-content\/uploads\/2025\/02\/Leader_EL_must-1024x254.jpg 1024w, https:\/\/uus.noff.ee\/wp-content\/uploads\/2025\/02\/Leader_EL_must-300x75.jpg 300w, https:\/\/uus.noff.ee\/wp-content\/uploads\/2025\/02\/Leader_EL_must-768x191.jpg 768w, https:\/\/uus.noff.ee\/wp-content\/uploads\/2025\/02\/Leader_EL_must-1536x382.jpg 1536w, https:\/\/uus.noff.ee\/wp-content\/uploads\/2025\/02\/Leader_EL_must-18x4.jpg 18w, https:\/\/uus.noff.ee\/wp-content\/uploads\/2025\/02\/Leader_EL_must.jpg 2000w\" sizes=\"(max-width: 1024px) 100vw, 1024px\" \/>\t\t\t\t\t\t\t\t\t\t\t\t\t\t\t<\/div>\n\t\t\t\t<\/div>\n\t\t\t\t\t<\/div>\n\t\t<\/div>\n\t\t\t\t<div class=\"elementor-column elementor-col-50 elementor-top-column elementor-element elementor-element-29530eb\" data-id=\"29530eb\" data-element_type=\"column\">\n\t\t\t<div class=\"elementor-widget-wrap elementor-element-populated\">\n\t\t\t\t\t\t<div class=\"elementor-element elementor-element-3b575b9 elementor-widget elementor-widget-text-editor\" data-id=\"3b575b9\" data-element_type=\"widget\" data-widget_type=\"text-editor.default\">\n\t\t\t\t<div class=\"elementor-widget-container\">\n\t\t\t\t\t\t\t\t\t<p><span style=\"color: #000000;\">Ettev\u00f5tlikud Naised Raplamaal MT\u00dc poolt korraldatava Naiste \u00d6\u00f6de Filmifestivali N\u00d6FF elluviimist, samuti kodulehe valmimist toetatakse Raplamaa Partnerluskogu LEADER meetme \u201eKogukonna edendamine\u201c toel. \u00dchisprojekti periood on 2024- 2025 a.<\/span><\/p><p><span style=\"color: #000000;\">Projekti eesm\u00e4rk on kogukonna edendamine l\u00e4bi filmide, kirjanduse, kunstin\u00e4ituste ja muusika, erinevate naistega seotud teemade ja probleemsete olukordade t\u00f5statamine, dialoogi tekitamine kogukonnas, positiivsete lahenduste otsimine.<\/span><\/p>\t\t\t\t\t\t\t\t<\/div>\n\t\t\t\t<\/div>\n\t\t\t\t<div class=\"elementor-element elementor-element-b3a7d5c elementor-widget-divider--view-line elementor-widget elementor-widget-divider\" data-id=\"b3a7d5c\" data-element_type=\"widget\" data-widget_type=\"divider.default\">\n\t\t\t\t<div class=\"elementor-widget-container\">\n\t\t\t\t\t\t\t<div class=\"elementor-divider\">\n\t\t\t<span class=\"elementor-divider-separator\">\n\t\t\t\t\t\t<\/span>\n\t\t<\/div>\n\t\t\t\t\t\t<\/div>\n\t\t\t\t<\/div>\n\t\t\t\t<div class=\"elementor-element elementor-element-9b92be9 elementor-widget elementor-widget-text-editor\" data-id=\"9b92be9\" data-element_type=\"widget\" data-widget_type=\"text-editor.default\">\n\t\t\t\t<div class=\"elementor-widget-container\">\n\t\t\t\t\t\t\t\t\t<p><span style=\"color: #000000;\">Kui ka Sina soovid anda meile hoogu, siis Sinu panus on oodatud<\/span><br \/><span style=\"color: #000000;\">Ettev\u00f5tlikud Naised Raplamaal MT\u00dc kontole:<\/span><\/p><p><span style=\"color: #000000;\">Swedbank EE502200221070434731<\/span><\/p>\t\t\t\t\t\t\t\t<\/div>\n\t\t\t\t<\/div>\n\t\t\t\t\t<\/div>\n\t\t<\/div>\n\t\t\t\t\t<\/div>\n\t\t<\/section>\n\t\t\t\t<\/div>","protected":false},"excerpt":{"rendered":"<p>N\u00d6FF 2025 Naiste \u00d6\u00f6de Filmifestival Yin ja Yang, vastandid, tasakaal, harmoonia, sugupooled, armastajad. Naiste \u00d6\u00f6de filmifestival N\u00d6FF 2025 aitab lahti harutada naiste ja meeste keerukaid, meeli\u00fclendavaid, vastuolulisi ja mitmek\u00fclgseid suhted\u00fcnaamikaid. L\u00e4bi mitmete suurep\u00e4raselt kvaliteetsete m\u00e4ngu- ja dokumentaalfilmide, p\u00f5nevate n\u00e4ituste ja raamatuesitluste vaadatakse nendele ja paljudele teistele teemadele otsa, mis seostuvad moel v\u00f5i teisel naiste, meeste [&hellip;]<\/p>","protected":false},"author":1,"featured_media":0,"parent":0,"menu_order":0,"comment_status":"closed","ping_status":"closed","template":"page-full-width.php","meta":{"footnotes":""},"class_list":["post-508","page","type-page","status-publish","hentry"],"_links":{"self":[{"href":"https:\/\/uus.noff.ee\/en\/wp-json\/wp\/v2\/pages\/508","targetHints":{"allow":["GET"]}}],"collection":[{"href":"https:\/\/uus.noff.ee\/en\/wp-json\/wp\/v2\/pages"}],"about":[{"href":"https:\/\/uus.noff.ee\/en\/wp-json\/wp\/v2\/types\/page"}],"author":[{"embeddable":true,"href":"https:\/\/uus.noff.ee\/en\/wp-json\/wp\/v2\/users\/1"}],"replies":[{"embeddable":true,"href":"https:\/\/uus.noff.ee\/en\/wp-json\/wp\/v2\/comments?post=508"}],"version-history":[{"count":99,"href":"https:\/\/uus.noff.ee\/en\/wp-json\/wp\/v2\/pages\/508\/revisions"}],"predecessor-version":[{"id":19189,"href":"https:\/\/uus.noff.ee\/en\/wp-json\/wp\/v2\/pages\/508\/revisions\/19189"}],"wp:attachment":[{"href":"https:\/\/uus.noff.ee\/en\/wp-json\/wp\/v2\/media?parent=508"}],"curies":[{"name":"wp","href":"https:\/\/api.w.org\/{rel}","templated":true}]}}