{"id":4303,"date":"2021-11-26T20:42:15","date_gmt":"2021-11-26T20:42:15","guid":{"rendered":"https:\/\/coppola.qodeinteractive.com\/?page_id=4303"},"modified":"2025-02-11T09:34:09","modified_gmt":"2025-02-11T07:34:09","slug":"uudised","status":"publish","type":"page","link":"https:\/\/uus.noff.ee\/en\/uudised\/","title":{"rendered":"Uudised"},"content":{"rendered":"<div data-elementor-type=\"wp-page\" data-elementor-id=\"4303\" class=\"elementor elementor-4303\">\n\t\t\t\t\t\t<section class=\"elementor-section elementor-top-section elementor-element elementor-element-5c0dad6 elementor-section-boxed elementor-section-height-default elementor-section-height-default qodef-elementor-content-no\" data-id=\"5c0dad6\" data-element_type=\"section\">\n\t\t\t\t\t\t<div class=\"elementor-container elementor-column-gap-default\">\n\t\t\t\t\t<div class=\"elementor-column elementor-col-100 elementor-top-column elementor-element elementor-element-bdff1a6\" data-id=\"bdff1a6\" data-element_type=\"column\">\n\t\t\t<div class=\"elementor-widget-wrap\">\n\t\t\t\t\t\t\t<\/div>\n\t\t<\/div>\n\t\t\t\t\t<\/div>\n\t\t<\/section>\n\t\t\t\t<\/div>","protected":false},"excerpt":{"rendered":"<p>Filmi uudised juuni 26, 2024 Leida Laiuse m\u00e4lestusauhind j\u00f5udis Anna Hintsini Filmi uudised m\u00e4rts 15, 2024 KATRIN KLAEBOT TUNNUSTATI RAPLA MAAKONNA H\u00d5BEDASE VAPIM\u00c4RGIGA Filmi uudised m\u00e4rts 15, 2024 Galerii: Ilusat neljap\u00e4evalist naistep\u00e4eva soovib N\u00d6FF Filmi uudised m\u00e4rts 15, 2024 Filmis\u00f5ber N\u00d6FF-il: Avastades uusi lemmikuid Filmi uudised m\u00e4rts 15, 2024 Raplas algas Naiste \u00d6\u00f6de Filmifestival N\u00d6FF [&hellip;]<\/p>","protected":false},"author":1,"featured_media":0,"parent":0,"menu_order":0,"comment_status":"closed","ping_status":"closed","template":"","meta":{"footnotes":""},"class_list":["post-4303","page","type-page","status-publish","hentry"],"_links":{"self":[{"href":"https:\/\/uus.noff.ee\/en\/wp-json\/wp\/v2\/pages\/4303","targetHints":{"allow":["GET"]}}],"collection":[{"href":"https:\/\/uus.noff.ee\/en\/wp-json\/wp\/v2\/pages"}],"about":[{"href":"https:\/\/uus.noff.ee\/en\/wp-json\/wp\/v2\/types\/page"}],"author":[{"embeddable":true,"href":"https:\/\/uus.noff.ee\/en\/wp-json\/wp\/v2\/users\/1"}],"replies":[{"embeddable":true,"href":"https:\/\/uus.noff.ee\/en\/wp-json\/wp\/v2\/comments?post=4303"}],"version-history":[{"count":19,"href":"https:\/\/uus.noff.ee\/en\/wp-json\/wp\/v2\/pages\/4303\/revisions"}],"predecessor-version":[{"id":19068,"href":"https:\/\/uus.noff.ee\/en\/wp-json\/wp\/v2\/pages\/4303\/revisions\/19068"}],"wp:attachment":[{"href":"https:\/\/uus.noff.ee\/en\/wp-json\/wp\/v2\/media?parent=4303"}],"curies":[{"name":"wp","href":"https:\/\/api.w.org\/{rel}","templated":true}]}}