{"id":18816,"date":"2025-02-10T14:36:21","date_gmt":"2025-02-10T12:36:21","guid":{"rendered":"https:\/\/uus.noff.ee\/?page_id=18816"},"modified":"2025-02-11T09:52:00","modified_gmt":"2025-02-11T07:52:00","slug":"noffi-tiim","status":"publish","type":"page","link":"https:\/\/uus.noff.ee\/en\/noffi-tiim\/","title":{"rendered":"N\u00f6ffi tiim"},"content":{"rendered":"<div data-elementor-type=\"wp-page\" data-elementor-id=\"18816\" class=\"elementor elementor-18816\">\n\t\t\t\t\t\t<section class=\"elementor-section elementor-top-section elementor-element elementor-element-74b23bf elementor-section-full_width qodef-elementor-content-grid elementor-section-height-default elementor-section-height-default\" data-id=\"74b23bf\" data-element_type=\"section\">\n\t\t\t\t\t\t<div class=\"elementor-container elementor-column-gap-default\">\n\t\t\t\t\t<div class=\"elementor-column elementor-col-100 elementor-top-column elementor-element elementor-element-24b4ba6c\" data-id=\"24b4ba6c\" data-element_type=\"column\">\n\t\t\t<div class=\"elementor-widget-wrap\">\n\t\t\t\t\t\t\t<\/div>\n\t\t<\/div>\n\t\t\t\t\t<\/div>\n\t\t<\/section>\n\t\t\t\t<section class=\"elementor-section elementor-top-section elementor-element elementor-element-373860e6 elementor-section-full_width qodef-elementor-content-grid elementor-section-height-default elementor-section-height-default\" data-id=\"373860e6\" data-element_type=\"section\">\n\t\t\t\t\t\t<div class=\"elementor-container elementor-column-gap-default\">\n\t\t\t\t\t<div class=\"elementor-column elementor-col-25 elementor-top-column elementor-element elementor-element-27311f12\" data-id=\"27311f12\" data-element_type=\"column\">\n\t\t\t<div class=\"elementor-widget-wrap elementor-element-populated\">\n\t\t\t\t\t\t<div class=\"elementor-element elementor-element-4c124586 elementor-widget elementor-widget-image\" data-id=\"4c124586\" data-element_type=\"widget\" data-widget_type=\"image.default\">\n\t\t\t\t<div class=\"elementor-widget-container\">\n\t\t\t\t\t\t\t\t\t\t\t\t\t\t\t<img decoding=\"async\" src=\"https:\/\/uus.noff.ee\/wp-content\/uploads\/elementor\/thumbs\/Katrin-Klaebo-3-r157t0owqs0dxdjxta7mi3w4xhjlmh0i6ntriri54g.jpg\" title=\"Katrin Klaebo 3\" alt=\"Katrin Klaebo 3\" loading=\"lazy\" \/>\t\t\t\t\t\t\t\t\t\t\t\t\t\t\t<\/div>\n\t\t\t\t<\/div>\n\t\t\t\t<div class=\"elementor-element elementor-element-2cab9e79 elementor-widget elementor-widget-text-editor\" data-id=\"2cab9e79\" data-element_type=\"widget\" data-widget_type=\"text-editor.default\">\n\t\t\t\t<div class=\"elementor-widget-container\">\n\t\t\t\t\t\t\t\t\t<div class=\"qodef-e qodef-grid-item post-163 team type-team status-publish has-post-thumbnail hentry team-category-noffi-tiim\"><div class=\"qodef-e-inner\" style=\"text-align: center;\"><div class=\"qodef-e-content\"><h5 class=\"qodef-e-title entry-title\"><span style=\"color: #000000;\">Katrin Klaebo<\/span><\/h5><\/div><\/div><\/div>\t\t\t\t\t\t\t\t<\/div>\n\t\t\t\t<\/div>\n\t\t\t\t\t<\/div>\n\t\t<\/div>\n\t\t\t\t<div class=\"elementor-column elementor-col-25 elementor-top-column elementor-element elementor-element-2497252\" data-id=\"2497252\" data-element_type=\"column\">\n\t\t\t<div class=\"elementor-widget-wrap elementor-element-populated\">\n\t\t\t\t\t\t<div class=\"elementor-element elementor-element-905448e elementor-widget elementor-widget-image\" data-id=\"905448e\" data-element_type=\"widget\" data-widget_type=\"image.default\">\n\t\t\t\t<div class=\"elementor-widget-container\">\n\t\t\t\t\t\t\t\t\t\t\t\t\t\t\t<img decoding=\"async\" src=\"https:\/\/uus.noff.ee\/wp-content\/uploads\/elementor\/thumbs\/Stina-Andok-scaled-r157wd091kl37gp6aq7vd9j4yt2kzqa5b7bwy6jr00.jpg\" title=\"Stina Andok\" alt=\"Stina Andok\" loading=\"lazy\" \/>\t\t\t\t\t\t\t\t\t\t\t\t\t\t\t<\/div>\n\t\t\t\t<\/div>\n\t\t\t\t<div class=\"elementor-element elementor-element-bc857eb elementor-widget elementor-widget-text-editor\" data-id=\"bc857eb\" data-element_type=\"widget\" data-widget_type=\"text-editor.default\">\n\t\t\t\t<div class=\"elementor-widget-container\">\n\t\t\t\t\t\t\t\t\t<div class=\"qodef-e qodef-grid-item post-163 team type-team status-publish has-post-thumbnail hentry team-category-noffi-tiim\"><div class=\"qodef-e-inner\" style=\"text-align: center;\"><div class=\"qodef-e-content\"><h5 class=\"qodef-e-title entry-title\"><span style=\"color: #000000;\">Stina Andok<\/span><\/h5><\/div><\/div><\/div>\t\t\t\t\t\t\t\t<\/div>\n\t\t\t\t<\/div>\n\t\t\t\t\t<\/div>\n\t\t<\/div>\n\t\t\t\t<div class=\"elementor-column elementor-col-25 elementor-top-column elementor-element elementor-element-6c67b0ab\" data-id=\"6c67b0ab\" data-element_type=\"column\">\n\t\t\t<div class=\"elementor-widget-wrap elementor-element-populated\">\n\t\t\t\t\t\t<div class=\"elementor-element elementor-element-a0d579c elementor-widget elementor-widget-image\" data-id=\"a0d579c\" data-element_type=\"widget\" data-widget_type=\"image.default\">\n\t\t\t\t<div class=\"elementor-widget-container\">\n\t\t\t\t\t\t\t\t\t\t\t\t\t\t\t<img decoding=\"async\" src=\"https:\/\/uus.noff.ee\/wp-content\/uploads\/elementor\/thumbs\/Siret-2-scaled-r1c8l8812ziedkzpzedaw79u95rs1t7p0ik0foj6uo.jpg\" title=\"Siret 2\" alt=\"Siret 2\" loading=\"lazy\" \/>\t\t\t\t\t\t\t\t\t\t\t\t\t\t\t<\/div>\n\t\t\t\t<\/div>\n\t\t\t\t<div class=\"elementor-element elementor-element-c8fb5d7 elementor-widget elementor-widget-text-editor\" data-id=\"c8fb5d7\" data-element_type=\"widget\" data-widget_type=\"text-editor.default\">\n\t\t\t\t<div class=\"elementor-widget-container\">\n\t\t\t\t\t\t\t\t\t<div class=\"qodef-e qodef-grid-item post-163 team type-team status-publish has-post-thumbnail hentry team-category-noffi-tiim\"><div class=\"qodef-e-inner\" style=\"text-align: center;\"><div class=\"qodef-e-content\"><h5 class=\"qodef-e-title entry-title\">Siret Elmi<\/h5><\/div><\/div><\/div>\t\t\t\t\t\t\t\t<\/div>\n\t\t\t\t<\/div>\n\t\t\t\t\t<\/div>\n\t\t<\/div>\n\t\t\t\t<div class=\"elementor-column elementor-col-25 elementor-top-column elementor-element elementor-element-51a36d7\" data-id=\"51a36d7\" data-element_type=\"column\">\n\t\t\t<div class=\"elementor-widget-wrap elementor-element-populated\">\n\t\t\t\t\t\t<div class=\"elementor-element elementor-element-3d35d1a elementor-widget elementor-widget-image\" data-id=\"3d35d1a\" data-element_type=\"widget\" data-widget_type=\"image.default\">\n\t\t\t\t<div class=\"elementor-widget-container\">\n\t\t\t\t\t\t\t\t\t\t\t\t\t\t\t<img decoding=\"async\" src=\"https:\/\/uus.noff.ee\/wp-content\/uploads\/elementor\/thumbs\/Siiri-2-scaled-r1c8knjkwmq3a5trc5fidchp6olpcgxllo7bvldunk.jpg\" title=\"Siiri 2\" alt=\"Siiri 2\" loading=\"lazy\" \/>\t\t\t\t\t\t\t\t\t\t\t\t\t\t\t<\/div>\n\t\t\t\t<\/div>\n\t\t\t\t<div class=\"elementor-element elementor-element-78c17e2 elementor-widget elementor-widget-text-editor\" data-id=\"78c17e2\" data-element_type=\"widget\" data-widget_type=\"text-editor.default\">\n\t\t\t\t<div class=\"elementor-widget-container\">\n\t\t\t\t\t\t\t\t\t<div class=\"qodef-e qodef-grid-item post-163 team type-team status-publish has-post-thumbnail hentry team-category-noffi-tiim\"><div class=\"qodef-e-inner\" style=\"text-align: center;\"><div class=\"qodef-e-content\"><h5 class=\"qodef-e-title entry-title\">SIIRI TAMM<\/h5><\/div><\/div><\/div>\t\t\t\t\t\t\t\t<\/div>\n\t\t\t\t<\/div>\n\t\t\t\t\t<\/div>\n\t\t<\/div>\n\t\t\t\t\t<\/div>\n\t\t<\/section>\n\t\t\t\t<section class=\"elementor-section elementor-top-section elementor-element elementor-element-593fc44 elementor-section-full_width qodef-elementor-content-grid elementor-section-height-default elementor-section-height-default\" data-id=\"593fc44\" data-element_type=\"section\">\n\t\t\t\t\t\t<div class=\"elementor-container elementor-column-gap-default\">\n\t\t\t\t\t<div class=\"elementor-column elementor-col-25 elementor-top-column elementor-element elementor-element-20a78eb\" data-id=\"20a78eb\" data-element_type=\"column\">\n\t\t\t<div class=\"elementor-widget-wrap elementor-element-populated\">\n\t\t\t\t\t\t<div class=\"elementor-element elementor-element-6b6c182 elementor-widget elementor-widget-image\" data-id=\"6b6c182\" data-element_type=\"widget\" data-widget_type=\"image.default\">\n\t\t\t\t<div class=\"elementor-widget-container\">\n\t\t\t\t\t\t\t\t\t\t\t\t\t\t\t<img decoding=\"async\" src=\"https:\/\/uus.noff.ee\/wp-content\/uploads\/elementor\/thumbs\/Andra-Liibek-scaled-r157p5ksnapy7360dm2u92zx0gl9z9o8bj9wht8epc.jpg\" title=\"Andra Liibek\" alt=\"Andra Liibek\" loading=\"lazy\" \/>\t\t\t\t\t\t\t\t\t\t\t\t\t\t\t<\/div>\n\t\t\t\t<\/div>\n\t\t\t\t<div class=\"elementor-element elementor-element-9aafc7a elementor-widget elementor-widget-text-editor\" data-id=\"9aafc7a\" data-element_type=\"widget\" data-widget_type=\"text-editor.default\">\n\t\t\t\t<div class=\"elementor-widget-container\">\n\t\t\t\t\t\t\t\t\t<div class=\"qodef-e qodef-grid-item post-163 team type-team status-publish has-post-thumbnail hentry team-category-noffi-tiim\"><div class=\"qodef-e-inner\" style=\"text-align: center;\"><div class=\"qodef-e-content\"><h5 class=\"qodef-e-title entry-title\">Andra Liibek<\/h5><\/div><\/div><\/div>\t\t\t\t\t\t\t\t<\/div>\n\t\t\t\t<\/div>\n\t\t\t\t\t<\/div>\n\t\t<\/div>\n\t\t\t\t<div class=\"elementor-column elementor-col-25 elementor-top-column elementor-element elementor-element-49d4557\" data-id=\"49d4557\" data-element_type=\"column\">\n\t\t\t<div class=\"elementor-widget-wrap elementor-element-populated\">\n\t\t\t\t\t\t<div class=\"elementor-element elementor-element-ea16e87 elementor-widget elementor-widget-image\" data-id=\"ea16e87\" data-element_type=\"widget\" data-widget_type=\"image.default\">\n\t\t\t\t<div class=\"elementor-widget-container\">\n\t\t\t\t\t\t\t\t\t\t\t\t\t\t\t<img decoding=\"async\" src=\"https:\/\/uus.noff.ee\/wp-content\/uploads\/elementor\/thumbs\/Eve-2-r157qssmluz0iirzrtoc461yfqheg77bjodhq8sltc.jpeg\" title=\"Eve 2\" alt=\"Eve 2\" loading=\"lazy\" \/>\t\t\t\t\t\t\t\t\t\t\t\t\t\t\t<\/div>\n\t\t\t\t<\/div>\n\t\t\t\t<div class=\"elementor-element elementor-element-f74fe6a elementor-widget elementor-widget-text-editor\" data-id=\"f74fe6a\" data-element_type=\"widget\" data-widget_type=\"text-editor.default\">\n\t\t\t\t<div class=\"elementor-widget-container\">\n\t\t\t\t\t\t\t\t\t<div class=\"qodef-e qodef-grid-item post-163 team type-team status-publish has-post-thumbnail hentry team-category-noffi-tiim\"><div class=\"qodef-e-inner\" style=\"text-align: center;\"><div class=\"qodef-e-content\"><h5 class=\"qodef-e-title entry-title\"><span style=\"color: #000000;\">Eve Mikson<\/span><\/h5><\/div><\/div><\/div>\t\t\t\t\t\t\t\t<\/div>\n\t\t\t\t<\/div>\n\t\t\t\t\t<\/div>\n\t\t<\/div>\n\t\t\t\t<div class=\"elementor-column elementor-col-25 elementor-top-column elementor-element elementor-element-bf28774\" data-id=\"bf28774\" data-element_type=\"column\">\n\t\t\t<div class=\"elementor-widget-wrap elementor-element-populated\">\n\t\t\t\t\t\t<div class=\"elementor-element elementor-element-46e8fa1 elementor-widget elementor-widget-image\" data-id=\"46e8fa1\" data-element_type=\"widget\" data-widget_type=\"image.default\">\n\t\t\t\t<div class=\"elementor-widget-container\">\n\t\t\t\t\t\t\t\t\t\t\t\t\t\t\t<img decoding=\"async\" src=\"https:\/\/uus.noff.ee\/wp-content\/uploads\/elementor\/thumbs\/Janeli-Saarits-scaled-r157s1wvpworzsyggd6ffuo2y8b0po6fpvosrixpio.jpg\" title=\"Janeli S\u00e4\u00e4rits\" alt=\"Janeli S\u00e4\u00e4rits\" loading=\"lazy\" \/>\t\t\t\t\t\t\t\t\t\t\t\t\t\t\t<\/div>\n\t\t\t\t<\/div>\n\t\t\t\t<div class=\"elementor-element elementor-element-fa9efc0 elementor-widget elementor-widget-text-editor\" data-id=\"fa9efc0\" data-element_type=\"widget\" data-widget_type=\"text-editor.default\">\n\t\t\t\t<div class=\"elementor-widget-container\">\n\t\t\t\t\t\t\t\t\t<div class=\"qodef-e qodef-grid-item post-163 team type-team status-publish has-post-thumbnail hentry team-category-noffi-tiim\">\n<div class=\"qodef-e-inner\" style=\"text-align: center;\">\n<div class=\"qodef-e-content\">\n<h5 class=\"qodef-e-title entry-title\">Janeli S\u00e4\u00e4rits<\/h5>\n<\/div>\n<\/div>\n<\/div>\t\t\t\t\t\t\t\t<\/div>\n\t\t\t\t<\/div>\n\t\t\t\t\t<\/div>\n\t\t<\/div>\n\t\t\t\t<div class=\"elementor-column elementor-col-25 elementor-top-column elementor-element elementor-element-9715825\" data-id=\"9715825\" data-element_type=\"column\">\n\t\t\t<div class=\"elementor-widget-wrap elementor-element-populated\">\n\t\t\t\t\t\t<div class=\"elementor-element elementor-element-e08e831 elementor-widget elementor-widget-image\" data-id=\"e08e831\" data-element_type=\"widget\" data-widget_type=\"image.default\">\n\t\t\t\t<div class=\"elementor-widget-container\">\n\t\t\t\t\t\t\t\t\t\t\t\t\t\t\t<img decoding=\"async\" src=\"https:\/\/uus.noff.ee\/wp-content\/uploads\/elementor\/thumbs\/Gerda-Karner-scaled-r157rcj8ldq1abzbkk7i2j2mwts3xudome2ot1zc6o.jpg\" title=\"Gerda K\u00e4rner\" alt=\"Gerda K\u00e4rner\" loading=\"lazy\" \/>\t\t\t\t\t\t\t\t\t\t\t\t\t\t\t<\/div>\n\t\t\t\t<\/div>\n\t\t\t\t<div class=\"elementor-element elementor-element-c5a6d56 elementor-widget elementor-widget-text-editor\" data-id=\"c5a6d56\" data-element_type=\"widget\" data-widget_type=\"text-editor.default\">\n\t\t\t\t<div class=\"elementor-widget-container\">\n\t\t\t\t\t\t\t\t\t<div class=\"qodef-e qodef-grid-item post-163 team type-team status-publish has-post-thumbnail hentry team-category-noffi-tiim\">\n<div class=\"qodef-e-inner\" style=\"text-align: center;\">\n<div class=\"qodef-e-content\">\n<h5 class=\"qodef-e-title entry-title\">Gerda K\u00e4rner<\/h5>\n<\/div>\n<\/div>\n<\/div>\t\t\t\t\t\t\t\t<\/div>\n\t\t\t\t<\/div>\n\t\t\t\t\t<\/div>\n\t\t<\/div>\n\t\t\t\t\t<\/div>\n\t\t<\/section>\n\t\t\t\t<section class=\"elementor-section elementor-top-section elementor-element elementor-element-d34ddd1 elementor-section-full_width qodef-elementor-content-grid elementor-section-height-default elementor-section-height-default\" data-id=\"d34ddd1\" data-element_type=\"section\">\n\t\t\t\t\t\t<div class=\"elementor-container elementor-column-gap-default\">\n\t\t\t\t\t<div class=\"elementor-column elementor-col-25 elementor-top-column elementor-element elementor-element-1633f41\" data-id=\"1633f41\" data-element_type=\"column\">\n\t\t\t<div class=\"elementor-widget-wrap elementor-element-populated\">\n\t\t\t\t\t\t<div class=\"elementor-element elementor-element-2cc9c1d elementor-widget elementor-widget-image\" data-id=\"2cc9c1d\" data-element_type=\"widget\" data-widget_type=\"image.default\">\n\t\t\t\t<div class=\"elementor-widget-container\">\n\t\t\t\t\t\t\t\t\t\t\t\t\t\t\t<img decoding=\"async\" src=\"https:\/\/uus.noff.ee\/wp-content\/uploads\/elementor\/thumbs\/Annika-Rannamets-scaled-r157qkc2wcnfm14a580ozq6t39n3ix9qiii4er55dc.jpg\" title=\"Annika Rannamets\" alt=\"Annika Rannamets\" loading=\"lazy\" \/>\t\t\t\t\t\t\t\t\t\t\t\t\t\t\t<\/div>\n\t\t\t\t<\/div>\n\t\t\t\t<div class=\"elementor-element elementor-element-cb1847e elementor-widget elementor-widget-text-editor\" data-id=\"cb1847e\" data-element_type=\"widget\" data-widget_type=\"text-editor.default\">\n\t\t\t\t<div class=\"elementor-widget-container\">\n\t\t\t\t\t\t\t\t\t<div class=\"qodef-e qodef-grid-item post-163 team type-team status-publish has-post-thumbnail hentry team-category-noffi-tiim\">\n<div class=\"qodef-e-inner\" style=\"text-align: center;\">\n<div class=\"qodef-e-content\">\n<h5 class=\"qodef-e-title entry-title\">Annika Rannamets<\/h5>\n<\/div>\n<\/div>\n<\/div>\t\t\t\t\t\t\t\t<\/div>\n\t\t\t\t<\/div>\n\t\t\t\t\t<\/div>\n\t\t<\/div>\n\t\t\t\t<div class=\"elementor-column elementor-col-25 elementor-top-column elementor-element elementor-element-a174e28\" data-id=\"a174e28\" data-element_type=\"column\">\n\t\t\t<div class=\"elementor-widget-wrap elementor-element-populated\">\n\t\t\t\t\t\t<div class=\"elementor-element elementor-element-76aae83 elementor-widget elementor-widget-image\" data-id=\"76aae83\" data-element_type=\"widget\" data-widget_type=\"image.default\">\n\t\t\t\t<div class=\"elementor-widget-container\">\n\t\t\t\t\t\t\t\t\t\t\t\t\t\t\t<img decoding=\"async\" src=\"https:\/\/uus.noff.ee\/wp-content\/uploads\/elementor\/thumbs\/Anni-Vahter--scaled-r157pwu45hr9js2eyfv0re4a8mux6hog3a6zeu3zow.jpg\" title=\"Anni Vahter\" alt=\"Anni Vahter\" loading=\"lazy\" \/>\t\t\t\t\t\t\t\t\t\t\t\t\t\t\t<\/div>\n\t\t\t\t<\/div>\n\t\t\t\t<div class=\"elementor-element elementor-element-ab9502f elementor-widget elementor-widget-text-editor\" data-id=\"ab9502f\" data-element_type=\"widget\" data-widget_type=\"text-editor.default\">\n\t\t\t\t<div class=\"elementor-widget-container\">\n\t\t\t\t\t\t\t\t\t<div class=\"qodef-e qodef-grid-item post-163 team type-team status-publish has-post-thumbnail hentry team-category-noffi-tiim\">\n<div class=\"qodef-e-inner\" style=\"text-align: center;\">\n<div class=\"qodef-e-content\">\n<h5 class=\"qodef-e-title entry-title\"><span style=\"color: #000000;\">Anni Vahter<\/span><\/h5>\n<\/div>\n<\/div>\n<\/div>\t\t\t\t\t\t\t\t<\/div>\n\t\t\t\t<\/div>\n\t\t\t\t\t<\/div>\n\t\t<\/div>\n\t\t\t\t<div class=\"elementor-column elementor-col-25 elementor-top-column elementor-element elementor-element-b4ef62d\" data-id=\"b4ef62d\" data-element_type=\"column\">\n\t\t\t<div class=\"elementor-widget-wrap elementor-element-populated\">\n\t\t\t\t\t\t<div class=\"elementor-element elementor-element-0417683 elementor-widget elementor-widget-image\" data-id=\"0417683\" data-element_type=\"widget\" data-widget_type=\"image.default\">\n\t\t\t\t<div class=\"elementor-widget-container\">\n\t\t\t\t\t\t\t\t\t\t\t\t\t\t\t<img decoding=\"async\" src=\"https:\/\/uus.noff.ee\/wp-content\/uploads\/elementor\/thumbs\/Tiina-Kortsini-scaled-r159gwyo8q05quju269sdzrjnebm44sr34dmfip0mo.jpg\" title=\"Tiina K\u00f5rtsini\" alt=\"Tiina K\u00f5rtsini\" loading=\"lazy\" \/>\t\t\t\t\t\t\t\t\t\t\t\t\t\t\t<\/div>\n\t\t\t\t<\/div>\n\t\t\t\t<div class=\"elementor-element elementor-element-e06a38a elementor-widget elementor-widget-text-editor\" data-id=\"e06a38a\" data-element_type=\"widget\" data-widget_type=\"text-editor.default\">\n\t\t\t\t<div class=\"elementor-widget-container\">\n\t\t\t\t\t\t\t\t\t<div class=\"qodef-e qodef-grid-item post-163 team type-team status-publish has-post-thumbnail hentry team-category-noffi-tiim\">\n<div class=\"qodef-e-inner\" style=\"text-align: center;\">\n<div class=\"qodef-e-content\">\n<h5 class=\"qodef-e-title entry-title\">Tiina K\u00f5rtsini<\/h5>\n<\/div>\n<\/div>\n<\/div>\t\t\t\t\t\t\t\t<\/div>\n\t\t\t\t<\/div>\n\t\t\t\t\t<\/div>\n\t\t<\/div>\n\t\t\t\t<div class=\"elementor-column elementor-col-25 elementor-top-column elementor-element elementor-element-d23f2c6\" data-id=\"d23f2c6\" data-element_type=\"column\">\n\t\t\t<div class=\"elementor-widget-wrap elementor-element-populated\">\n\t\t\t\t\t\t<div class=\"elementor-element elementor-element-0a35b87 elementor-widget elementor-widget-image\" data-id=\"0a35b87\" data-element_type=\"widget\" data-widget_type=\"image.default\">\n\t\t\t\t<div class=\"elementor-widget-container\">\n\t\t\t\t\t\t\t\t\t\t\t\t\t\t\t<img decoding=\"async\" src=\"https:\/\/uus.noff.ee\/wp-content\/uploads\/elementor\/thumbs\/Lea-Erlemann-scaled-r157tn91asv9o0n65jyo5y776qger7i29rhf1ekoz4.jpg\" title=\"Lea Erlemann\" alt=\"Lea Erlemann\" loading=\"lazy\" \/>\t\t\t\t\t\t\t\t\t\t\t\t\t\t\t<\/div>\n\t\t\t\t<\/div>\n\t\t\t\t<div class=\"elementor-element elementor-element-8b12b2a elementor-widget elementor-widget-text-editor\" data-id=\"8b12b2a\" data-element_type=\"widget\" data-widget_type=\"text-editor.default\">\n\t\t\t\t<div class=\"elementor-widget-container\">\n\t\t\t\t\t\t\t\t\t<div class=\"qodef-e qodef-grid-item post-163 team type-team status-publish has-post-thumbnail hentry team-category-noffi-tiim\">\n<div class=\"qodef-e-inner\" style=\"text-align: center;\">\n<div class=\"qodef-e-content\">\n<h5 class=\"qodef-e-title entry-title\">Lea Erlemann<\/h5>\n<\/div>\n<\/div>\n<\/div>\t\t\t\t\t\t\t\t<\/div>\n\t\t\t\t<\/div>\n\t\t\t\t\t<\/div>\n\t\t<\/div>\n\t\t\t\t\t<\/div>\n\t\t<\/section>\n\t\t\t\t<section class=\"elementor-section elementor-top-section elementor-element elementor-element-13e377b elementor-section-full_width qodef-elementor-content-grid elementor-section-height-default elementor-section-height-default\" data-id=\"13e377b\" data-element_type=\"section\">\n\t\t\t\t\t\t<div class=\"elementor-container elementor-column-gap-default\">\n\t\t\t\t\t<div class=\"elementor-column elementor-col-25 elementor-top-column elementor-element elementor-element-db4c086\" data-id=\"db4c086\" data-element_type=\"column\">\n\t\t\t<div class=\"elementor-widget-wrap elementor-element-populated\">\n\t\t\t\t\t\t<div class=\"elementor-element elementor-element-081eb98 elementor-widget elementor-widget-image\" data-id=\"081eb98\" data-element_type=\"widget\" data-widget_type=\"image.default\">\n\t\t\t\t<div class=\"elementor-widget-container\">\n\t\t\t\t\t\t\t\t\t\t\t\t\t\t\t<img decoding=\"async\" src=\"https:\/\/uus.noff.ee\/wp-content\/uploads\/elementor\/thumbs\/Kaidi-Kornak-scaled-r157sv1vlrsnzps4q7rv35bdd6becae45vwun3qi5s.jpg\" title=\"Kaidi Kornak\" alt=\"Kaidi Kornak\" loading=\"lazy\" \/>\t\t\t\t\t\t\t\t\t\t\t\t\t\t\t<\/div>\n\t\t\t\t<\/div>\n\t\t\t\t<div class=\"elementor-element elementor-element-8d1a5cb elementor-widget elementor-widget-text-editor\" data-id=\"8d1a5cb\" data-element_type=\"widget\" data-widget_type=\"text-editor.default\">\n\t\t\t\t<div class=\"elementor-widget-container\">\n\t\t\t\t\t\t\t\t\t<div class=\"qodef-e qodef-grid-item post-163 team type-team status-publish has-post-thumbnail hentry team-category-noffi-tiim\"><div class=\"qodef-e-inner\" style=\"text-align: center;\"><div class=\"qodef-e-content\"><h5 class=\"qodef-e-title entry-title\">Kaidi Kornak<\/h5><\/div><\/div><\/div>\t\t\t\t\t\t\t\t<\/div>\n\t\t\t\t<\/div>\n\t\t\t\t\t<\/div>\n\t\t<\/div>\n\t\t\t\t<div class=\"elementor-column elementor-col-25 elementor-top-column elementor-element elementor-element-d3c2289\" data-id=\"d3c2289\" data-element_type=\"column\">\n\t\t\t<div class=\"elementor-widget-wrap elementor-element-populated\">\n\t\t\t\t\t\t<div class=\"elementor-element elementor-element-877b66e elementor-widget elementor-widget-image\" data-id=\"877b66e\" data-element_type=\"widget\" data-widget_type=\"image.default\">\n\t\t\t\t<div class=\"elementor-widget-container\">\n\t\t\t\t\t\t\t\t\t\t\t\t\t\t\t<img decoding=\"async\" src=\"https:\/\/uus.noff.ee\/wp-content\/uploads\/elementor\/thumbs\/Taimi-Nolvak-2-scaled-r1aiqwjjshu9msup5k3doi9ejl1hq3uyl8dd33iycw.jpg\" title=\"Taimi N\u00f5lvak 2\" alt=\"Taimi N\u00f5lvak 2\" loading=\"lazy\" \/>\t\t\t\t\t\t\t\t\t\t\t\t\t\t\t<\/div>\n\t\t\t\t<\/div>\n\t\t\t\t<div class=\"elementor-element elementor-element-f1d3514 elementor-widget elementor-widget-text-editor\" data-id=\"f1d3514\" data-element_type=\"widget\" data-widget_type=\"text-editor.default\">\n\t\t\t\t<div class=\"elementor-widget-container\">\n\t\t\t\t\t\t\t\t\t<div class=\"qodef-e qodef-grid-item post-163 team type-team status-publish has-post-thumbnail hentry team-category-noffi-tiim\">\n<div class=\"qodef-e-inner\" style=\"text-align: center;\">\n<div class=\"qodef-e-content\">\n<h5 class=\"qodef-e-title entry-title\">Taimi N\u00f5lvak\n<\/h5>\n<\/div>\n<\/div>\n<\/div>\t\t\t\t\t\t\t\t<\/div>\n\t\t\t\t<\/div>\n\t\t\t\t\t<\/div>\n\t\t<\/div>\n\t\t\t\t<div class=\"elementor-column elementor-col-25 elementor-top-column elementor-element elementor-element-33125d3\" data-id=\"33125d3\" data-element_type=\"column\">\n\t\t\t<div class=\"elementor-widget-wrap\">\n\t\t\t\t\t\t\t<\/div>\n\t\t<\/div>\n\t\t\t\t<div class=\"elementor-column elementor-col-25 elementor-top-column elementor-element elementor-element-7f31802\" data-id=\"7f31802\" data-element_type=\"column\">\n\t\t\t<div class=\"elementor-widget-wrap\">\n\t\t\t\t\t\t\t<\/div>\n\t\t<\/div>\n\t\t\t\t\t<\/div>\n\t\t<\/section>\n\t\t\t\t<\/div>","protected":false},"excerpt":{"rendered":"<p>N\u00d6FFI TIIM Katrin Klaebo Stina Andok Siret Elmi SIIRI TAMM Andra Liibek Eve Mikson Janeli S\u00e4\u00e4rits Gerda K\u00e4rner Annika Rannamets Anni Vahter Tiina K\u00f5rtsini Lea Erlemann Kaidi Kornak Taimi N\u00f5lvak<\/p>","protected":false},"author":1,"featured_media":0,"parent":0,"menu_order":0,"comment_status":"closed","ping_status":"closed","template":"","meta":{"footnotes":""},"class_list":["post-18816","page","type-page","status-publish","hentry"],"_links":{"self":[{"href":"https:\/\/uus.noff.ee\/en\/wp-json\/wp\/v2\/pages\/18816","targetHints":{"allow":["GET"]}}],"collection":[{"href":"https:\/\/uus.noff.ee\/en\/wp-json\/wp\/v2\/pages"}],"about":[{"href":"https:\/\/uus.noff.ee\/en\/wp-json\/wp\/v2\/types\/page"}],"author":[{"embeddable":true,"href":"https:\/\/uus.noff.ee\/en\/wp-json\/wp\/v2\/users\/1"}],"replies":[{"embeddable":true,"href":"https:\/\/uus.noff.ee\/en\/wp-json\/wp\/v2\/comments?post=18816"}],"version-history":[{"count":31,"href":"https:\/\/uus.noff.ee\/en\/wp-json\/wp\/v2\/pages\/18816\/revisions"}],"predecessor-version":[{"id":19088,"href":"https:\/\/uus.noff.ee\/en\/wp-json\/wp\/v2\/pages\/18816\/revisions\/19088"}],"wp:attachment":[{"href":"https:\/\/uus.noff.ee\/en\/wp-json\/wp\/v2\/media?parent=18816"}],"curies":[{"name":"wp","href":"https:\/\/api.w.org\/{rel}","templated":true}]}}