{"id":18796,"date":"2025-02-10T14:14:47","date_gmt":"2025-02-10T12:14:47","guid":{"rendered":"https:\/\/uus.noff.ee\/?page_id=18796"},"modified":"2025-02-11T09:27:45","modified_gmt":"2025-02-11T07:27:45","slug":"lilli-luuk-ooema","status":"publish","type":"page","link":"https:\/\/uus.noff.ee\/en\/lilli-luuk-ooema\/","title":{"rendered":"Lilli Luuk\u00a0&#8220;\u00d6\u00d6EMA&#8221;"},"content":{"rendered":"<div data-elementor-type=\"wp-page\" data-elementor-id=\"18796\" class=\"elementor elementor-18796\">\n\t\t\t\t\t\t<section class=\"elementor-section elementor-top-section elementor-element elementor-element-4c082746 elementor-section-full_width qodef-elementor-content-grid elementor-section-height-default elementor-section-height-default\" data-id=\"4c082746\" data-element_type=\"section\">\n\t\t\t\t\t\t<div class=\"elementor-container elementor-column-gap-default\">\n\t\t\t\t\t<div class=\"elementor-column elementor-col-100 elementor-top-column elementor-element elementor-element-7e0ad92a\" data-id=\"7e0ad92a\" data-element_type=\"column\">\n\t\t\t<div class=\"elementor-widget-wrap\">\n\t\t\t\t\t\t\t<\/div>\n\t\t<\/div>\n\t\t\t\t\t<\/div>\n\t\t<\/section>\n\t\t\t\t<section class=\"elementor-section elementor-top-section elementor-element elementor-element-61d39c8 elementor-section-full_width qodef-elementor-content-grid elementor-section-height-default elementor-section-height-default\" data-id=\"61d39c8\" data-element_type=\"section\">\n\t\t\t\t\t\t<div class=\"elementor-container elementor-column-gap-default\">\n\t\t\t\t\t<div class=\"elementor-column elementor-col-50 elementor-top-column elementor-element elementor-element-56ae822c\" data-id=\"56ae822c\" data-element_type=\"column\">\n\t\t\t<div class=\"elementor-widget-wrap elementor-element-populated\">\n\t\t\t\t\t\t<div class=\"elementor-element elementor-element-76aa58b1 elementor-widget elementor-widget-text-editor\" data-id=\"76aa58b1\" data-element_type=\"widget\" data-widget_type=\"text-editor.default\">\n\t\t\t\t<div class=\"elementor-widget-container\">\n\t\t\t\t\t\t\t\t\t<div><span style=\"color: #000000;\">9. m\u00e4rts kell 11.30<\/span><\/div><div><span style=\"color: #000000;\">M\u00c4RJAMAA KINOS HELK<\/span><\/div><div><span style=\"color: #000000;\">Kirjanik Lilli Luuk esitleb oma v\u00e4rsket romaani &#8220;\u00d6\u00f6ema&#8221;. <br \/>Autoriga vestleb Stina Andok.<\/span><\/div><div><div>\u00a0<\/div><div><p dir=\"ltr\"><span style=\"color: #000000;\">Romaani &#8220;\u00d6\u00f6ema&#8221;\u00a0 tegevus toimub s\u00f5jaj\u00e4rgses Eesti k\u00fclas, kus inimestel tuleb elada ja elu edasi kanda ka siis, kui s\u00f5da ja okupatsioon on senise elukorralduse l\u00f5hkunud. Kas j\u00e4rgmised p\u00f5lvkonnad suudavad oma vanemate valikuid m\u00f5ista v\u00f5i oleks parem vaikida ja unustada? Autor on Eesti l\u00e4hiajaloo teemasid vaadelnud ka oma eelmistes teostes, romaanis \u201cMinu venna keha\u201d ja\u00a0l\u00fchiproosakogus\u00a0\u201cKolhoosi miss\u201d.\u00a0<\/span><\/p><p dir=\"ltr\"><span style=\"color: #000000;\">Raamatu on v\u00e4lja andnud Saadj\u00e4rve kunstikeskus. \u201c\u00d6\u00f6ema\u201d toimetas Piret P\u00f5ldver, kujundas Maris Kaskmann, korrektuuri luges Karet Eesm\u00e4e. Teose ilmumist on toetanud Eesti Kultuurkapital.\u00a0<\/span><\/p><p><span style=\"color: #000000;\">Lilli Luuk (1976) tuli eesti kirjandusse 2017. aastal. Tema deb\u00fc\u00fctnovell \u201eAuk\u201c p\u00e4lvis Tuglase novelliauhinna ning m\u00f5ni aasta hiljem sai sama<\/span><br \/><span style=\"color: #000000;\">tunnustuse tekst \u201eKolhoosi miss\u201c.\u00a02022. aastal ilmunud samanimeline novellikogu nomineeriti Eesti Kultuurkapitali kirjanduse sihtkapitali aastapreemiale. 2023. aastal sai Luuk Loomingu aastapreemia novelli \u201eM\u00e4ed\u201c eest. Luugi esimene romaan \u201eMinu venna keha\u201c v\u00f5itis 2022. aastal ajalooliste romaanide v\u00f5istlusel III koha, nomineeriti Tammsaare kirjandusauhinnale ning 2023. aastal p\u00e4lvis Luuk sama teosega aasta kirjaniku tiitli.<\/span><br \/><span style=\"color: #000000;\">\u201e\u00d6\u00f6ema\u201c on Luugi teine romaan.<\/span><\/p><\/div><\/div>\t\t\t\t\t\t\t\t<\/div>\n\t\t\t\t<\/div>\n\t\t\t\t\t<\/div>\n\t\t<\/div>\n\t\t\t\t<div class=\"elementor-column elementor-col-50 elementor-top-column elementor-element elementor-element-7fe980d\" data-id=\"7fe980d\" data-element_type=\"column\">\n\t\t\t<div class=\"elementor-widget-wrap elementor-element-populated\">\n\t\t\t\t\t\t<div class=\"elementor-element elementor-element-dde2ac8 elementor-arrows-position-outside elementor-widget elementor-widget-image-carousel\" data-id=\"dde2ac8\" data-element_type=\"widget\" data-settings=\"{&quot;slides_to_show&quot;:&quot;1&quot;,&quot;navigation&quot;:&quot;arrows&quot;,&quot;autoplay&quot;:&quot;yes&quot;,&quot;pause_on_hover&quot;:&quot;yes&quot;,&quot;pause_on_interaction&quot;:&quot;yes&quot;,&quot;autoplay_speed&quot;:5000,&quot;infinite&quot;:&quot;yes&quot;,&quot;effect&quot;:&quot;slide&quot;,&quot;speed&quot;:500}\" data-widget_type=\"image-carousel.default\">\n\t\t\t\t<div class=\"elementor-widget-container\">\n\t\t\t\t\t\t\t<div class=\"elementor-image-carousel-wrapper swiper\" role=\"region\" aria-roledescription=\"carousel\" aria-label=\"Image Carousel\" dir=\"ltr\">\n\t\t\t<div class=\"elementor-image-carousel swiper-wrapper\" aria-live=\"off\">\n\t\t\t\t\t\t\t\t<div class=\"swiper-slide\" role=\"group\" aria-roledescription=\"slide\" aria-label=\"1 of 2\"><figure class=\"swiper-slide-inner\"><img decoding=\"async\" class=\"swiper-slide-image\" src=\"https:\/\/uus.noff.ee\/wp-content\/uploads\/elementor\/thumbs\/luuk_ooema_esikaas_web-r1at853pezdr7y109c3plp8q817zvud7l5uaip2ziq.jpg\" alt=\"luuk_ooema_esikaas_web\" \/><\/figure><\/div><div class=\"swiper-slide\" role=\"group\" aria-roledescription=\"slide\" aria-label=\"2 of 2\"><figure class=\"swiper-slide-inner\"><img decoding=\"async\" class=\"swiper-slide-image\" src=\"https:\/\/uus.noff.ee\/wp-content\/uploads\/elementor\/thumbs\/Luuk_foto_Piia_Ruber_Sirp-r1at87x7zhhm6rwwsvblb6j406u3ixoeljsqyiyt70.jpg\" alt=\"Lilli Luuk ei kirjuta, vaid manab. Tema romaan \u201e\u00d6\u00f6ema\u201c on \u00fcks l\u00f5ppeva aasta  v\u00f5imsamaid teoseid. \u00a0\u00a0\u00a0\u00a0\u00a0\u00a0Piia Ruber\" \/><\/figure><\/div>\t\t\t<\/div>\n\t\t\t\t\t\t\t\t\t\t\t\t<div class=\"elementor-swiper-button elementor-swiper-button-prev\" role=\"button\" tabindex=\"0\">\n\t\t\t\t\t\t<svg aria-hidden=\"true\" class=\"e-font-icon-svg e-eicon-chevron-left\" viewbox=\"0 0 1000 1000\" xmlns=\"http:\/\/www.w3.org\/2000\/svg\"><path d=\"M646 125C629 125 613 133 604 142L308 442C296 454 292 471 292 487 292 504 296 521 308 533L604 854C617 867 629 875 646 875 663 875 679 871 692 858 704 846 713 829 713 812 713 796 708 779 692 767L438 487 692 225C700 217 708 204 708 187 708 171 704 154 692 142 675 129 663 125 646 125Z\"><\/path><\/svg>\t\t\t\t\t<\/div>\n\t\t\t\t\t<div class=\"elementor-swiper-button elementor-swiper-button-next\" role=\"button\" tabindex=\"0\">\n\t\t\t\t\t\t<svg aria-hidden=\"true\" class=\"e-font-icon-svg e-eicon-chevron-right\" viewbox=\"0 0 1000 1000\" xmlns=\"http:\/\/www.w3.org\/2000\/svg\"><path d=\"M696 533C708 521 713 504 713 487 713 471 708 454 696 446L400 146C388 133 375 125 354 125 338 125 325 129 313 142 300 154 292 171 292 187 292 204 296 221 308 233L563 492 304 771C292 783 288 800 288 817 288 833 296 850 308 863 321 871 338 875 354 875 371 875 388 867 400 854L696 533Z\"><\/path><\/svg>\t\t\t\t\t<\/div>\n\t\t\t\t\n\t\t\t\t\t\t\t\t\t<\/div>\n\t\t\t\t\t\t<\/div>\n\t\t\t\t<\/div>\n\t\t\t\t\t<\/div>\n\t\t<\/div>\n\t\t\t\t\t<\/div>\n\t\t<\/section>\n\t\t\t\t<\/div>","protected":false},"excerpt":{"rendered":"<p>Lilli Luuk &#8220;\u00d6\u00d6EMA&#8221; 9. m\u00e4rts kell 11.30M\u00c4RJAMAA KINOS HELKKirjanik Lilli Luuk esitleb oma v\u00e4rsket romaani &#8220;\u00d6\u00f6ema&#8221;. Autoriga vestleb Stina Andok.\u00a0 Romaani &#8220;\u00d6\u00f6ema&#8221;\u00a0 tegevus toimub s\u00f5jaj\u00e4rgses Eesti k\u00fclas, kus inimestel tuleb elada ja elu edasi kanda ka siis, kui s\u00f5da ja okupatsioon on senise elukorralduse l\u00f5hkunud. Kas j\u00e4rgmised p\u00f5lvkonnad suudavad oma vanemate valikuid m\u00f5ista v\u00f5i oleks [&hellip;]<\/p>","protected":false},"author":1,"featured_media":0,"parent":0,"menu_order":0,"comment_status":"closed","ping_status":"closed","template":"","meta":{"footnotes":""},"class_list":["post-18796","page","type-page","status-publish","hentry"],"_links":{"self":[{"href":"https:\/\/uus.noff.ee\/en\/wp-json\/wp\/v2\/pages\/18796","targetHints":{"allow":["GET"]}}],"collection":[{"href":"https:\/\/uus.noff.ee\/en\/wp-json\/wp\/v2\/pages"}],"about":[{"href":"https:\/\/uus.noff.ee\/en\/wp-json\/wp\/v2\/types\/page"}],"author":[{"embeddable":true,"href":"https:\/\/uus.noff.ee\/en\/wp-json\/wp\/v2\/users\/1"}],"replies":[{"embeddable":true,"href":"https:\/\/uus.noff.ee\/en\/wp-json\/wp\/v2\/comments?post=18796"}],"version-history":[{"count":19,"href":"https:\/\/uus.noff.ee\/en\/wp-json\/wp\/v2\/pages\/18796\/revisions"}],"predecessor-version":[{"id":19059,"href":"https:\/\/uus.noff.ee\/en\/wp-json\/wp\/v2\/pages\/18796\/revisions\/19059"}],"wp:attachment":[{"href":"https:\/\/uus.noff.ee\/en\/wp-json\/wp\/v2\/media?parent=18796"}],"curies":[{"name":"wp","href":"https:\/\/api.w.org\/{rel}","templated":true}]}}