{"id":18788,"date":"2025-02-10T14:10:41","date_gmt":"2025-02-10T12:10:41","guid":{"rendered":"https:\/\/uus.noff.ee\/?page_id=18788"},"modified":"2025-02-11T09:27:16","modified_gmt":"2025-02-11T07:27:16","slug":"raamatuesitlused-2025","status":"publish","type":"page","link":"https:\/\/uus.noff.ee\/en\/raamatuesitlused-2025\/","title":{"rendered":"Raamatuesitlused 2025"},"content":{"rendered":"<div data-elementor-type=\"wp-page\" data-elementor-id=\"18788\" class=\"elementor elementor-18788\">\n\t\t\t\t\t\t<section class=\"elementor-section elementor-top-section elementor-element elementor-element-66d86d45 elementor-section-full_width elementor-section-height-default elementor-section-height-default qodef-elementor-content-no\" data-id=\"66d86d45\" data-element_type=\"section\" data-settings=\"{&quot;background_background&quot;:&quot;classic&quot;}\">\n\t\t\t\t\t\t<div class=\"elementor-container elementor-column-gap-default\">\n\t\t\t\t\t<div class=\"elementor-column elementor-col-100 elementor-top-column elementor-element elementor-element-54eb812e\" data-id=\"54eb812e\" data-element_type=\"column\">\n\t\t\t<div class=\"elementor-widget-wrap elementor-element-populated\">\n\t\t\t\t\t\t<section class=\"elementor-section elementor-inner-section elementor-element elementor-element-520ac2cc elementor-section-full_width elementor-section-height-default elementor-section-height-default qodef-elementor-content-no\" data-id=\"520ac2cc\" data-element_type=\"section\">\n\t\t\t\t\t\t<div class=\"elementor-container elementor-column-gap-default\">\n\t\t\t\t\t<div class=\"elementor-column elementor-col-100 elementor-inner-column elementor-element elementor-element-305b3d58\" data-id=\"305b3d58\" data-element_type=\"column\">\n\t\t\t<div class=\"elementor-widget-wrap\">\n\t\t\t\t\t\t\t<\/div>\n\t\t<\/div>\n\t\t\t\t\t<\/div>\n\t\t<\/section>\n\t\t\t\t<section class=\"elementor-section elementor-inner-section elementor-element elementor-element-74a27f81 elementor-section-full_width elementor-section-height-default elementor-section-height-default qodef-elementor-content-no\" data-id=\"74a27f81\" data-element_type=\"section\">\n\t\t\t\t\t\t<div class=\"elementor-container elementor-column-gap-default\">\n\t\t\t\t\t<div class=\"elementor-column elementor-col-100 elementor-inner-column elementor-element elementor-element-ea9c854\" data-id=\"ea9c854\" data-element_type=\"column\">\n\t\t\t<div class=\"elementor-widget-wrap elementor-element-populated\">\n\t\t\t\t\t\t<div class=\"elementor-element elementor-element-2d5c4b69 elementor-widget elementor-widget-qi_addons_for_elementor_clients_list\" data-id=\"2d5c4b69\" data-element_type=\"widget\" data-widget_type=\"qi_addons_for_elementor_clients_list.default\">\n\t\t\t\t<div class=\"elementor-widget-container\">\n\t\t\t\t\t<div class=\"qodef-shortcode qodef-m  qodef-qi-clients-list qodef-border--no    qodef-qi-grid qodef-layout--qi-columns  qodef-col-num--4   qodef-responsive--predefined\">\n\t<div class=\"qodef-grid-inner\">\n\t\t<div class=\"qodef-e qodef-grid-item\">\n\t<div class=\"qodef-e-inner\">\n\t\t\t\t\t<a href=\"https:\/\/uus.noff.ee\/en\/lilli-luuk-ooema\/\" target=\"_self\">\n\t\t\t\t<div class=\"qodef-e-images-holder\">\n\t\t\t\t\t\t\t<div class=\"qodef-e-main-image\">\n\t\t\t\t\t<img fetchpriority=\"high\" decoding=\"async\" width=\"650\" height=\"650\" src=\"https:\/\/uus.noff.ee\/wp-content\/uploads\/2025\/02\/luuk_ooema_esikaas_web-650x650.jpg\" class=\"attachment-qi_addons_for_elementor_image_size_square size-qi_addons_for_elementor_image_size_square\" alt=\"\" srcset=\"https:\/\/uus.noff.ee\/wp-content\/uploads\/2025\/02\/luuk_ooema_esikaas_web-650x650.jpg 650w, https:\/\/uus.noff.ee\/wp-content\/uploads\/2025\/02\/luuk_ooema_esikaas_web-150x150.jpg 150w\" sizes=\"(max-width: 650px) 100vw, 650px\" \/>\t\t\t\t<\/div>\n\t\t\t\t\t\t\t\t<\/div>\n\t\t\t\t\t<\/a>\n\t\t\t\t\t<h5 class=\"qodef-e-title\">\n\t\t\t<a href=\"https:\/\/uus.noff.ee\/en\/lilli-luuk-ooema\/\" target=\"_self\">\n\t\t\tLilli Luuk &quot;\u00d6\u00f6ema&quot;\t\t\t<\/a>\n\t\t<\/h5>\n\t\t\t<p class=\"qodef-e-text\">\n\t\t9. m\u00e4rts kell 11.30\nM\u00c4RJAMAA KINOS HELK\t<\/p>\n\t\t\t<\/div>\n<\/div>\n\t<\/div>\n<\/div>\n\t\t\t\t<\/div>\n\t\t\t\t<\/div>\n\t\t\t\t\t<\/div>\n\t\t<\/div>\n\t\t\t\t\t<\/div>\n\t\t<\/section>\n\t\t\t\t\t<\/div>\n\t\t<\/div>\n\t\t\t\t\t<\/div>\n\t\t<\/section>\n\t\t\t\t<\/div>","protected":false},"excerpt":{"rendered":"<p>RAAMATUESITLUSED 2025 Lilli Luuk &quot;\u00d6\u00f6ema&quot; 9. m\u00e4rts kell 11.30 M\u00c4RJAMAA KINOS HELK<\/p>","protected":false},"author":1,"featured_media":0,"parent":0,"menu_order":0,"comment_status":"closed","ping_status":"closed","template":"page-full-width.php","meta":{"footnotes":""},"class_list":["post-18788","page","type-page","status-publish","hentry"],"_links":{"self":[{"href":"https:\/\/uus.noff.ee\/en\/wp-json\/wp\/v2\/pages\/18788","targetHints":{"allow":["GET"]}}],"collection":[{"href":"https:\/\/uus.noff.ee\/en\/wp-json\/wp\/v2\/pages"}],"about":[{"href":"https:\/\/uus.noff.ee\/en\/wp-json\/wp\/v2\/types\/page"}],"author":[{"embeddable":true,"href":"https:\/\/uus.noff.ee\/en\/wp-json\/wp\/v2\/users\/1"}],"replies":[{"embeddable":true,"href":"https:\/\/uus.noff.ee\/en\/wp-json\/wp\/v2\/comments?post=18788"}],"version-history":[{"count":10,"href":"https:\/\/uus.noff.ee\/en\/wp-json\/wp\/v2\/pages\/18788\/revisions"}],"predecessor-version":[{"id":19056,"href":"https:\/\/uus.noff.ee\/en\/wp-json\/wp\/v2\/pages\/18788\/revisions\/19056"}],"wp:attachment":[{"href":"https:\/\/uus.noff.ee\/en\/wp-json\/wp\/v2\/media?parent=18788"}],"curies":[{"name":"wp","href":"https:\/\/api.w.org\/{rel}","templated":true}]}}