{"id":18772,"date":"2025-02-10T11:35:05","date_gmt":"2025-02-10T09:35:05","guid":{"rendered":"https:\/\/uus.noff.ee\/?page_id=18772"},"modified":"2025-02-11T10:16:10","modified_gmt":"2025-02-11T08:16:10","slug":"matti-tapio-vainio-maalinaitus","status":"publish","type":"page","link":"https:\/\/uus.noff.ee\/en\/matti-tapio-vainio-maalinaitus\/","title":{"rendered":"Matti Tapio Vainio maalin\u00e4itus"},"content":{"rendered":"<div data-elementor-type=\"wp-page\" data-elementor-id=\"18772\" class=\"elementor elementor-18772\">\n\t\t\t\t\t\t<section class=\"elementor-section elementor-top-section elementor-element elementor-element-6808503b elementor-section-full_width qodef-elementor-content-grid elementor-section-height-default elementor-section-height-default\" data-id=\"6808503b\" data-element_type=\"section\">\n\t\t\t\t\t\t<div class=\"elementor-container elementor-column-gap-default\">\n\t\t\t\t\t<div class=\"elementor-column elementor-col-100 elementor-top-column elementor-element elementor-element-5cbfde6c\" data-id=\"5cbfde6c\" data-element_type=\"column\">\n\t\t\t<div class=\"elementor-widget-wrap\">\n\t\t\t\t\t\t\t<\/div>\n\t\t<\/div>\n\t\t\t\t\t<\/div>\n\t\t<\/section>\n\t\t\t\t<section class=\"elementor-section elementor-top-section elementor-element elementor-element-7e026ec8 elementor-section-full_width qodef-elementor-content-grid elementor-section-height-default elementor-section-height-default\" data-id=\"7e026ec8\" data-element_type=\"section\">\n\t\t\t\t\t\t<div class=\"elementor-container elementor-column-gap-default\">\n\t\t\t\t\t<div class=\"elementor-column elementor-col-50 elementor-top-column elementor-element elementor-element-31c32dd5\" data-id=\"31c32dd5\" data-element_type=\"column\">\n\t\t\t<div class=\"elementor-widget-wrap elementor-element-populated\">\n\t\t\t\t\t\t<div class=\"elementor-element elementor-element-7468808a elementor-widget elementor-widget-text-editor\" data-id=\"7468808a\" data-element_type=\"widget\" data-widget_type=\"text-editor.default\">\n\t\t\t\t<div class=\"elementor-widget-container\">\n\t\t\t\t\t\t\t\t\t<p><span style=\"color: #000000;\">Raplamaa Kaasaegse Kunsti Keskuses<\/span><\/p><p><span style=\"color: #000000;\">8.03\u201330.03<\/span><\/p><p><span style=\"color: #000000;\">N\u00e4itusel on eksponeeritud teoseid, mis k\u00e4sitlevad laialdaselt teemasid, mis puudutavad meheks v\u00f5i naiseks olemise t\u00e4hendust \u00fchiskonnas. Lisaks mehe ja naise temaatikale keskenduvad teosed sellele, kuidas inimene suhestub isikliku ja \u00fchiskondliku identiteedi uurimisse ning nende m\u00f5jusse \u00fcmbritsevas maailmas. Suur r\u00f5hk on kunstnike sisemaailma v\u00e4ljendamisel, mis peegeldab m\u00f5tteid, armastus, unistusi, hirme ja lootusi muutuvas \u00fchiskonnas.<\/span><\/p><p><span style=\"color: #000000;\">\u00a0<\/span><\/p><p><span style=\"color: #000000;\">Matti Tapio Vainio, s. 1978 ja on Viimsi Kunstikooli direktor.<\/span><\/p><p><span style=\"color: #000000;\">\u00a0<\/span><\/p><p><span style=\"color: #000000;\">Vainio on omandanud kaunite kunstide magistrikraadi Aalto \u00dclikoolis ning elab ja t\u00f6\u00f6tab Eestis. Tema peamiseks meediumiks on joonistus, maal, graafika ja performance. Ta on osalenud n\u00e4itustel Eestis, Soomes, Rootsis, Saksamaal, Venemaal ja Suurbritannias. Tema loomingus loodav ruum uurib igap\u00e4evaelu fenomeni ja \u00fcksikisiku v\u00f5imalusi \u00fchiskondlikes tingimustes, kunsti n\u00e4eb ta v\u00f5imalusena praktiseerida meditatiivset ja filosoofilist m\u00f5tlemist.<\/span><\/p><p><span style=\"color: #000000;\"><a style=\"color: #000000;\" href=\"http:\/\/www.mattivainio.com\">www.mattivainio.com<\/a><\/span><\/p><p><span style=\"color: #000000;\">\u00a0<\/span><\/p><p><span style=\"color: #000000;\">N\u00e4ituse avamine RKKK 8. m\u00e4rtsil kell 11.30<\/span><\/p><p>\u00a0<\/p>\t\t\t\t\t\t\t\t<\/div>\n\t\t\t\t<\/div>\n\t\t\t\t\t<\/div>\n\t\t<\/div>\n\t\t\t\t<div class=\"elementor-column elementor-col-50 elementor-top-column elementor-element elementor-element-d61f072\" data-id=\"d61f072\" data-element_type=\"column\">\n\t\t\t<div class=\"elementor-widget-wrap elementor-element-populated\">\n\t\t\t\t\t\t<div class=\"elementor-element elementor-element-23582855 elementor-widget elementor-widget-image\" data-id=\"23582855\" data-element_type=\"widget\" data-widget_type=\"image.default\">\n\t\t\t\t<div class=\"elementor-widget-container\">\n\t\t\t\t\t\t\t\t\t\t\t\t\t\t\t<img fetchpriority=\"high\" decoding=\"async\" width=\"1024\" height=\"726\" src=\"https:\/\/uus.noff.ee\/wp-content\/uploads\/2025\/02\/Matti-Manguvaljak-1024x726.jpg\" class=\"attachment-large size-large wp-image-19103\" alt=\"\" srcset=\"https:\/\/uus.noff.ee\/wp-content\/uploads\/2025\/02\/Matti-Manguvaljak-1024x726.jpg 1024w, https:\/\/uus.noff.ee\/wp-content\/uploads\/2025\/02\/Matti-Manguvaljak-300x213.jpg 300w, https:\/\/uus.noff.ee\/wp-content\/uploads\/2025\/02\/Matti-Manguvaljak-768x545.jpg 768w, https:\/\/uus.noff.ee\/wp-content\/uploads\/2025\/02\/Matti-Manguvaljak-1536x1090.jpg 1536w, https:\/\/uus.noff.ee\/wp-content\/uploads\/2025\/02\/Matti-Manguvaljak-18x12.jpg 18w, https:\/\/uus.noff.ee\/wp-content\/uploads\/2025\/02\/Matti-Manguvaljak.jpg 1748w\" sizes=\"(max-width: 1024px) 100vw, 1024px\" \/>\t\t\t\t\t\t\t\t\t\t\t\t\t\t\t<\/div>\n\t\t\t\t<\/div>\n\t\t\t\t\t<\/div>\n\t\t<\/div>\n\t\t\t\t\t<\/div>\n\t\t<\/section>\n\t\t\t\t<\/div>","protected":false},"excerpt":{"rendered":"<p>Matti Tapio Vainio maalin\u00e4itus &#8220;M\u00c4NGUV\u00c4LJAK&#8221; Raplamaa Kaasaegse Kunsti Keskuses 8.03\u201330.03 N\u00e4itusel on eksponeeritud teoseid, mis k\u00e4sitlevad laialdaselt teemasid, mis puudutavad meheks v\u00f5i naiseks olemise t\u00e4hendust \u00fchiskonnas. Lisaks mehe ja naise temaatikale keskenduvad teosed sellele, kuidas inimene suhestub isikliku ja \u00fchiskondliku identiteedi uurimisse ning nende m\u00f5jusse \u00fcmbritsevas maailmas. Suur r\u00f5hk on kunstnike sisemaailma v\u00e4ljendamisel, mis peegeldab [&hellip;]<\/p>","protected":false},"author":1,"featured_media":0,"parent":0,"menu_order":0,"comment_status":"closed","ping_status":"closed","template":"page-full-width.php","meta":{"footnotes":""},"class_list":["post-18772","page","type-page","status-publish","hentry"],"_links":{"self":[{"href":"https:\/\/uus.noff.ee\/en\/wp-json\/wp\/v2\/pages\/18772","targetHints":{"allow":["GET"]}}],"collection":[{"href":"https:\/\/uus.noff.ee\/en\/wp-json\/wp\/v2\/pages"}],"about":[{"href":"https:\/\/uus.noff.ee\/en\/wp-json\/wp\/v2\/types\/page"}],"author":[{"embeddable":true,"href":"https:\/\/uus.noff.ee\/en\/wp-json\/wp\/v2\/users\/1"}],"replies":[{"embeddable":true,"href":"https:\/\/uus.noff.ee\/en\/wp-json\/wp\/v2\/comments?post=18772"}],"version-history":[{"count":10,"href":"https:\/\/uus.noff.ee\/en\/wp-json\/wp\/v2\/pages\/18772\/revisions"}],"predecessor-version":[{"id":19122,"href":"https:\/\/uus.noff.ee\/en\/wp-json\/wp\/v2\/pages\/18772\/revisions\/19122"}],"wp:attachment":[{"href":"https:\/\/uus.noff.ee\/en\/wp-json\/wp\/v2\/media?parent=18772"}],"curies":[{"name":"wp","href":"https:\/\/api.w.org\/{rel}","templated":true}]}}