{"id":18749,"date":"2025-02-10T11:28:49","date_gmt":"2025-02-10T09:28:49","guid":{"rendered":"https:\/\/uus.noff.ee\/?page_id=18749"},"modified":"2025-02-12T14:22:15","modified_gmt":"2025-02-12T12:22:15","slug":"heliinstallatsioon-kvartett","status":"publish","type":"page","link":"https:\/\/uus.noff.ee\/en\/heliinstallatsioon-kvartett\/","title":{"rendered":"Heliinstallatsioon KVARTETT"},"content":{"rendered":"<div data-elementor-type=\"wp-page\" data-elementor-id=\"18749\" class=\"elementor elementor-18749\">\n\t\t\t\t\t\t<section class=\"elementor-section elementor-top-section elementor-element elementor-element-d7e12f elementor-section-full_width qodef-elementor-content-grid elementor-section-height-default elementor-section-height-default\" data-id=\"d7e12f\" data-element_type=\"section\">\n\t\t\t\t\t\t<div class=\"elementor-container elementor-column-gap-default\">\n\t\t\t\t\t<div class=\"elementor-column elementor-col-100 elementor-top-column elementor-element elementor-element-54f558a8\" data-id=\"54f558a8\" data-element_type=\"column\">\n\t\t\t<div class=\"elementor-widget-wrap\">\n\t\t\t\t\t\t\t<\/div>\n\t\t<\/div>\n\t\t\t\t\t<\/div>\n\t\t<\/section>\n\t\t\t\t<section class=\"elementor-section elementor-top-section elementor-element elementor-element-c112961 elementor-section-full_width qodef-elementor-content-grid elementor-section-height-default elementor-section-height-default\" data-id=\"c112961\" data-element_type=\"section\">\n\t\t\t\t\t\t<div class=\"elementor-container elementor-column-gap-default\">\n\t\t\t\t\t<div class=\"elementor-column elementor-col-50 elementor-top-column elementor-element elementor-element-71e5a5a4\" data-id=\"71e5a5a4\" data-element_type=\"column\">\n\t\t\t<div class=\"elementor-widget-wrap elementor-element-populated\">\n\t\t\t\t\t\t<div class=\"elementor-element elementor-element-4124f108 elementor-widget elementor-widget-text-editor\" data-id=\"4124f108\" data-element_type=\"widget\" data-widget_type=\"text-editor.default\">\n\t\t\t\t<div class=\"elementor-widget-container\">\n\t\t\t\t\t\t\t\t\t<p><span style=\"color: #000000;\">R\u00fctmani galeriis<\/span><\/p><p><span style=\"color: #000000;\">8.03\u201330.03.2025<\/span><\/p><p><span style=\"color: #000000;\">Heliinstallatsioon KVARTETT <\/span><\/p><p><span style=\"color: #000000;\">Lauri Lesta heliinstallatsioon \u201cKvartett\u201d on tarbimis\u00fchiskonnast inspireeritud teos, kus pesumasin, r\u00f6ster, mikrolaineahi ja elektripliit esitavad spetsiaalselt neile komponeeritud muusikat.<\/span><\/p><p><span style=\"color: #000000;\">\u00a0<\/span><\/p><p><span style=\"color: #000000;\"><em>Lauri Lest <\/em><\/span><\/p><p><span style=\"color: #000000;\">Lauri Lest on muusik ning heli- ja performance\u2019i-kunstnik. Tema kui kunstniku peamisteks t\u00f6\u00f6vahenditeks on leidesemed, vibratsioonik\u00f5larid ning heli- ja videot\u00f6\u00f6tlustarkvara. Lauri loomingut iseloomustab melanhoolsus, seisundilisus ja eksperimentaalsus, tihtipeale ka huumor. Muusikuna loob ja esitab ta atmosf\u00e4\u00e4rilist elektroonilist muusikat ning on avaldanud kaks stuudioalbumit. Aastal 2023 l\u00f5petas ta Eesti Kunstiakadeemia skulptuuri ja installatsiooni eriala.<\/span><\/p><p><span style=\"color: #000000;\"><a style=\"color: #000000;\" href=\"https:\/\/laurilest.com\/\">https:\/\/laurilest.com\/<\/a><\/span><\/p><p><span style=\"color: #000000;\"><a style=\"color: #000000;\" href=\"https:\/\/www.instagram.com\/laurilest\/\">https:\/\/www.instagram.com\/laurilest\/<\/a><\/span><\/p><p><span style=\"color: #000000;\">N\u00e4ituse avamine 8. m\u00e4rtsil kell 12.30<\/span><\/p>\t\t\t\t\t\t\t\t<\/div>\n\t\t\t\t<\/div>\n\t\t\t\t\t<\/div>\n\t\t<\/div>\n\t\t\t\t<div class=\"elementor-column elementor-col-50 elementor-top-column elementor-element elementor-element-11edb344\" data-id=\"11edb344\" data-element_type=\"column\">\n\t\t\t<div class=\"elementor-widget-wrap elementor-element-populated\">\n\t\t\t\t\t\t<div class=\"elementor-element elementor-element-4ddfb27 elementor-widget elementor-widget-image\" data-id=\"4ddfb27\" data-element_type=\"widget\" data-widget_type=\"image.default\">\n\t\t\t\t<div class=\"elementor-widget-container\">\n\t\t\t\t\t\t\t\t\t\t\t\t\t\t\t<img fetchpriority=\"high\" decoding=\"async\" width=\"768\" height=\"1024\" src=\"https:\/\/uus.noff.ee\/wp-content\/uploads\/2025\/02\/herned-perf-screenshot-01-portrait-768x1024.png\" class=\"attachment-large size-large wp-image-9295\" alt=\"\" srcset=\"https:\/\/uus.noff.ee\/wp-content\/uploads\/2025\/02\/herned-perf-screenshot-01-portrait-768x1024.png 768w, https:\/\/uus.noff.ee\/wp-content\/uploads\/2025\/02\/herned-perf-screenshot-01-portrait-225x300.png 225w, https:\/\/uus.noff.ee\/wp-content\/uploads\/2025\/02\/herned-perf-screenshot-01-portrait-1152x1536.png 1152w, https:\/\/uus.noff.ee\/wp-content\/uploads\/2025\/02\/herned-perf-screenshot-01-portrait-9x12.png 9w, https:\/\/uus.noff.ee\/wp-content\/uploads\/2025\/02\/herned-perf-screenshot-01-portrait.png 1215w\" sizes=\"(max-width: 768px) 100vw, 768px\" \/>\t\t\t\t\t\t\t\t\t\t\t\t\t\t\t<\/div>\n\t\t\t\t<\/div>\n\t\t\t\t\t<\/div>\n\t\t<\/div>\n\t\t\t\t\t<\/div>\n\t\t<\/section>\n\t\t\t\t<\/div>","protected":false},"excerpt":{"rendered":"<p>Heliinstallatsioon KVARTETT R\u00fctmani galeriis 8.03\u201330.03.2025 Heliinstallatsioon KVARTETT Lauri Lesta heliinstallatsioon \u201cKvartett\u201d on tarbimis\u00fchiskonnast inspireeritud teos, kus pesumasin, r\u00f6ster, mikrolaineahi ja elektripliit esitavad spetsiaalselt neile komponeeritud muusikat. \u00a0 Lauri Lest Lauri Lest on muusik ning heli- ja performance\u2019i-kunstnik. Tema kui kunstniku peamisteks t\u00f6\u00f6vahenditeks on leidesemed, vibratsioonik\u00f5larid ning heli- ja videot\u00f6\u00f6tlustarkvara. Lauri loomingut iseloomustab melanhoolsus, seisundilisus ja [&hellip;]<\/p>","protected":false},"author":1,"featured_media":0,"parent":0,"menu_order":0,"comment_status":"closed","ping_status":"closed","template":"page-full-width.php","meta":{"footnotes":""},"class_list":["post-18749","page","type-page","status-publish","hentry"],"_links":{"self":[{"href":"https:\/\/uus.noff.ee\/en\/wp-json\/wp\/v2\/pages\/18749","targetHints":{"allow":["GET"]}}],"collection":[{"href":"https:\/\/uus.noff.ee\/en\/wp-json\/wp\/v2\/pages"}],"about":[{"href":"https:\/\/uus.noff.ee\/en\/wp-json\/wp\/v2\/types\/page"}],"author":[{"embeddable":true,"href":"https:\/\/uus.noff.ee\/en\/wp-json\/wp\/v2\/users\/1"}],"replies":[{"embeddable":true,"href":"https:\/\/uus.noff.ee\/en\/wp-json\/wp\/v2\/comments?post=18749"}],"version-history":[{"count":7,"href":"https:\/\/uus.noff.ee\/en\/wp-json\/wp\/v2\/pages\/18749\/revisions"}],"predecessor-version":[{"id":19147,"href":"https:\/\/uus.noff.ee\/en\/wp-json\/wp\/v2\/pages\/18749\/revisions\/19147"}],"wp:attachment":[{"href":"https:\/\/uus.noff.ee\/en\/wp-json\/wp\/v2\/media?parent=18749"}],"curies":[{"name":"wp","href":"https:\/\/api.w.org\/{rel}","templated":true}]}}