{"id":18736,"date":"2025-02-10T10:54:22","date_gmt":"2025-02-10T08:54:22","guid":{"rendered":"https:\/\/uus.noff.ee\/?page_id=18736"},"modified":"2025-02-12T14:21:01","modified_gmt":"2025-02-12T12:21:01","slug":"naitused-2025","status":"publish","type":"page","link":"https:\/\/uus.noff.ee\/en\/naitused-2025\/","title":{"rendered":"N\u00e4itused 2025"},"content":{"rendered":"<div data-elementor-type=\"wp-page\" data-elementor-id=\"18736\" class=\"elementor elementor-18736\">\n\t\t\t\t\t\t<section class=\"elementor-section elementor-top-section elementor-element elementor-element-77a7c628 elementor-section-full_width elementor-section-height-default elementor-section-height-default qodef-elementor-content-no\" data-id=\"77a7c628\" data-element_type=\"section\" data-settings=\"{&quot;background_background&quot;:&quot;classic&quot;}\">\n\t\t\t\t\t\t<div class=\"elementor-container elementor-column-gap-default\">\n\t\t\t\t\t<div class=\"elementor-column elementor-col-100 elementor-top-column elementor-element elementor-element-6fe6268\" data-id=\"6fe6268\" data-element_type=\"column\">\n\t\t\t<div class=\"elementor-widget-wrap elementor-element-populated\">\n\t\t\t\t\t\t<section class=\"elementor-section elementor-inner-section elementor-element elementor-element-44d3a484 elementor-section-full_width elementor-section-height-default elementor-section-height-default qodef-elementor-content-no\" data-id=\"44d3a484\" data-element_type=\"section\">\n\t\t\t\t\t\t<div class=\"elementor-container elementor-column-gap-default\">\n\t\t\t\t\t<div class=\"elementor-column elementor-col-100 elementor-inner-column elementor-element elementor-element-68830f58\" data-id=\"68830f58\" data-element_type=\"column\">\n\t\t\t<div class=\"elementor-widget-wrap\">\n\t\t\t\t\t\t\t<\/div>\n\t\t<\/div>\n\t\t\t\t\t<\/div>\n\t\t<\/section>\n\t\t\t\t<section class=\"elementor-section elementor-inner-section elementor-element elementor-element-20e78c97 elementor-section-full_width elementor-section-height-default elementor-section-height-default qodef-elementor-content-no\" data-id=\"20e78c97\" data-element_type=\"section\">\n\t\t\t\t\t\t<div class=\"elementor-container elementor-column-gap-default\">\n\t\t\t\t\t<div class=\"elementor-column elementor-col-100 elementor-inner-column elementor-element elementor-element-97fd5b6\" data-id=\"97fd5b6\" data-element_type=\"column\">\n\t\t\t<div class=\"elementor-widget-wrap elementor-element-populated\">\n\t\t\t\t\t\t<div class=\"elementor-element elementor-element-3eb1b156 elementor-widget elementor-widget-qi_addons_for_elementor_clients_list\" data-id=\"3eb1b156\" data-element_type=\"widget\" data-widget_type=\"qi_addons_for_elementor_clients_list.default\">\n\t\t\t\t<div class=\"elementor-widget-container\">\n\t\t\t\t\t<div class=\"qodef-shortcode qodef-m  qodef-qi-clients-list qodef-border--no    qodef-qi-grid qodef-layout--qi-columns  qodef-col-num--3   qodef-responsive--predefined\">\n\t<div class=\"qodef-grid-inner\">\n\t\t<div class=\"qodef-e qodef-grid-item\">\n\t<div class=\"qodef-e-inner\">\n\t\t\t\t\t<a href=\"https:\/\/uus.noff.ee\/en\/heliinstallatsioon-kvartett\/\" target=\"_self\">\n\t\t\t\t<div class=\"qodef-e-images-holder\">\n\t\t\t\t\t\t\t<div class=\"qodef-e-main-image\">\n\t\t\t\t\t<img fetchpriority=\"high\" decoding=\"async\" width=\"650\" height=\"650\" src=\"https:\/\/uus.noff.ee\/wp-content\/uploads\/2025\/02\/herned-perf-screenshot-01-portrait-650x650.png\" class=\"attachment-qi_addons_for_elementor_image_size_square size-qi_addons_for_elementor_image_size_square\" alt=\"\" srcset=\"https:\/\/uus.noff.ee\/wp-content\/uploads\/2025\/02\/herned-perf-screenshot-01-portrait-650x650.png 650w, https:\/\/uus.noff.ee\/wp-content\/uploads\/2025\/02\/herned-perf-screenshot-01-portrait-150x150.png 150w\" sizes=\"(max-width: 650px) 100vw, 650px\" \/>\t\t\t\t<\/div>\n\t\t\t\t\t\t\t\t<\/div>\n\t\t\t\t\t<\/a>\n\t\t\t\t\t<h5 class=\"qodef-e-title\">\n\t\t\t<a href=\"https:\/\/uus.noff.ee\/en\/heliinstallatsioon-kvartett\/\" target=\"_self\">\n\t\t\tLauri Lesta heliinstallatsioon \u201cKvartett\u201d\t\t\t<\/a>\n\t\t<\/h5>\n\t\t\t<p class=\"qodef-e-text\">\n\t\tR\u00fctmani galeriis\n8.03\u201330.03.2025\t<\/p>\n\t\t\t<\/div>\n<\/div>\n<div class=\"qodef-e qodef-grid-item\">\n\t<div class=\"qodef-e-inner\">\n\t\t\t\t\t<a href=\"https:\/\/uus.noff.ee\/en\/matti-tapio-vainio-maalinaitus\/\" target=\"_self\">\n\t\t\t\t<div class=\"qodef-e-images-holder\">\n\t\t\t\t\t\t\t<div class=\"qodef-e-main-image\">\n\t\t\t\t\t<img decoding=\"async\" width=\"650\" height=\"650\" src=\"https:\/\/uus.noff.ee\/wp-content\/uploads\/2025\/02\/Matti-Manguvaljak-650x650.jpg\" class=\"attachment-qi_addons_for_elementor_image_size_square size-qi_addons_for_elementor_image_size_square\" alt=\"\" srcset=\"https:\/\/uus.noff.ee\/wp-content\/uploads\/2025\/02\/Matti-Manguvaljak-650x650.jpg 650w, https:\/\/uus.noff.ee\/wp-content\/uploads\/2025\/02\/Matti-Manguvaljak-150x150.jpg 150w\" sizes=\"(max-width: 650px) 100vw, 650px\" \/>\t\t\t\t<\/div>\n\t\t\t\t\t\t\t\t<\/div>\n\t\t\t\t\t<\/a>\n\t\t\t\t\t<h5 class=\"qodef-e-title\">\n\t\t\t<a href=\"https:\/\/uus.noff.ee\/en\/matti-tapio-vainio-maalinaitus\/\" target=\"_self\">\n\t\t\tMatti Tapio Vainio maalin\u00e4itus &quot;M\u00c4NGUV\u00c4LJAK&quot;\t\t\t<\/a>\n\t\t<\/h5>\n\t\t\t<p class=\"qodef-e-text\">\n\t\tRaplamaa Kaasaegse Kunsti Keskuses 8.03\u201330.03\t<\/p>\n\t\t\t<\/div>\n<\/div>\n<div class=\"qodef-e qodef-grid-item\">\n\t<div class=\"qodef-e-inner\">\n\t\t\t\t\t<a href=\"https:\/\/uus.noff.ee\/en\/fotonaitus-mustvalged-inglid\/\" target=\"_self\">\n\t\t\t\t<div class=\"qodef-e-images-holder\">\n\t\t\t\t\t\t\t<div class=\"qodef-e-main-image\">\n\t\t\t\t\t<img decoding=\"async\" width=\"275\" height=\"183\" src=\"https:\/\/uus.noff.ee\/wp-content\/uploads\/2025\/02\/contact_uus2.jpg\" class=\"attachment-qi_addons_for_elementor_image_size_square size-qi_addons_for_elementor_image_size_square\" alt=\"\" srcset=\"https:\/\/uus.noff.ee\/wp-content\/uploads\/2025\/02\/contact_uus2.jpg 275w, https:\/\/uus.noff.ee\/wp-content\/uploads\/2025\/02\/contact_uus2-18x12.jpg 18w\" sizes=\"(max-width: 275px) 100vw, 275px\" \/>\t\t\t\t<\/div>\n\t\t\t\t\t\t\t\t<\/div>\n\t\t\t\t\t<\/a>\n\t\t\t\t\t<h5 class=\"qodef-e-title\">\n\t\t\t<a href=\"https:\/\/uus.noff.ee\/en\/fotonaitus-mustvalged-inglid\/\" target=\"_self\">\n\t\t\tFoton\u00e4itus &quot;MUSTVALGED INGLID&quot;\t\t\t<\/a>\n\t\t<\/h5>\n\t\t\t<p class=\"qodef-e-text\">\n\t\tRapla kino Trepigaleriis 7.03\u201330.04.25\t<\/p>\n\t\t\t<\/div>\n<\/div>\n\t<\/div>\n<\/div>\n\t\t\t\t<\/div>\n\t\t\t\t<\/div>\n\t\t\t\t\t<\/div>\n\t\t<\/div>\n\t\t\t\t\t<\/div>\n\t\t<\/section>\n\t\t\t\t\t<\/div>\n\t\t<\/div>\n\t\t\t\t\t<\/div>\n\t\t<\/section>\n\t\t\t\t<\/div>","protected":false},"excerpt":{"rendered":"<p>N\u00c4ITUSED 2025 Lauri Lesta heliinstallatsioon \u201cKvartett\u201d R\u00fctmani galeriis 8.03\u201330.03.2025 Matti Tapio Vainio maalin\u00e4itus &quot;M\u00c4NGUV\u00c4LJAK&quot; Raplamaa Kaasaegse Kunsti Keskuses 8.03\u201330.03 Foton\u00e4itus &quot;MUSTVALGED INGLID&quot; Rapla kino Trepigaleriis 7.03\u201330.04.25<\/p>","protected":false},"author":1,"featured_media":0,"parent":0,"menu_order":0,"comment_status":"closed","ping_status":"closed","template":"page-full-width.php","meta":{"footnotes":""},"class_list":["post-18736","page","type-page","status-publish","hentry"],"_links":{"self":[{"href":"https:\/\/uus.noff.ee\/en\/wp-json\/wp\/v2\/pages\/18736","targetHints":{"allow":["GET"]}}],"collection":[{"href":"https:\/\/uus.noff.ee\/en\/wp-json\/wp\/v2\/pages"}],"about":[{"href":"https:\/\/uus.noff.ee\/en\/wp-json\/wp\/v2\/types\/page"}],"author":[{"embeddable":true,"href":"https:\/\/uus.noff.ee\/en\/wp-json\/wp\/v2\/users\/1"}],"replies":[{"embeddable":true,"href":"https:\/\/uus.noff.ee\/en\/wp-json\/wp\/v2\/comments?post=18736"}],"version-history":[{"count":22,"href":"https:\/\/uus.noff.ee\/en\/wp-json\/wp\/v2\/pages\/18736\/revisions"}],"predecessor-version":[{"id":19141,"href":"https:\/\/uus.noff.ee\/en\/wp-json\/wp\/v2\/pages\/18736\/revisions\/19141"}],"wp:attachment":[{"href":"https:\/\/uus.noff.ee\/en\/wp-json\/wp\/v2\/media?parent=18736"}],"curies":[{"name":"wp","href":"https:\/\/api.w.org\/{rel}","templated":true}]}}