{"id":18726,"date":"2025-02-10T10:50:49","date_gmt":"2025-02-10T08:50:49","guid":{"rendered":"https:\/\/uus.noff.ee\/?page_id=18726"},"modified":"2025-02-10T16:36:03","modified_gmt":"2025-02-10T14:36:03","slug":"lastehoid","status":"publish","type":"page","link":"https:\/\/uus.noff.ee\/en\/lastehoid\/","title":{"rendered":"Lastehoid"},"content":{"rendered":"<div data-elementor-type=\"wp-page\" data-elementor-id=\"18726\" class=\"elementor elementor-18726\">\n\t\t\t\t\t\t<section class=\"elementor-section elementor-top-section elementor-element elementor-element-632eae03 elementor-section-full_width qodef-elementor-content-grid elementor-section-height-default elementor-section-height-default\" data-id=\"632eae03\" data-element_type=\"section\">\n\t\t\t\t\t\t<div class=\"elementor-container elementor-column-gap-default\">\n\t\t\t\t\t<div class=\"elementor-column elementor-col-100 elementor-top-column elementor-element elementor-element-3412867a\" data-id=\"3412867a\" data-element_type=\"column\">\n\t\t\t<div class=\"elementor-widget-wrap\">\n\t\t\t\t\t\t\t<\/div>\n\t\t<\/div>\n\t\t\t\t\t<\/div>\n\t\t<\/section>\n\t\t\t\t<section class=\"elementor-section elementor-top-section elementor-element elementor-element-8833b7d elementor-section-full_width qodef-elementor-content-grid elementor-section-height-default elementor-section-height-default\" data-id=\"8833b7d\" data-element_type=\"section\">\n\t\t\t\t\t\t<div class=\"elementor-container elementor-column-gap-default\">\n\t\t\t\t\t<div class=\"elementor-column elementor-col-50 elementor-top-column elementor-element elementor-element-2d291f33\" data-id=\"2d291f33\" data-element_type=\"column\">\n\t\t\t<div class=\"elementor-widget-wrap elementor-element-populated\">\n\t\t\t\t\t\t<div class=\"elementor-element elementor-element-16d0e5fc elementor-widget elementor-widget-text-editor\" data-id=\"16d0e5fc\" data-element_type=\"widget\" data-widget_type=\"text-editor.default\">\n\t\t\t\t<div class=\"elementor-widget-container\">\n\t\t\t\t\t\t\t\t\t<p><span style=\"color: #000000;\">V\u00e4ikeste inimeste t\u00f6\u00f6 on m\u00e4ngimine. Sul ei pea j\u00e4\u00e4ma filmifestivalil osalemine \u00e4ra seet\u00f5ttu, et <\/span><span style=\"color: #000000;\">sinu p\u00f5nnile ei ole lapsehoidjat.<\/span><\/p><p><span style=\"color: #000000;\">Oodatud on k\u00f5ik lapsed ja lapsemeelsed laup\u00e4eval, 8. m\u00e4rtsil kella <\/span><span style=\"color: #000000;\">11.00\u201318.00 RAVANK (Rapla valla avatud noortekeskus) ruumides v\u00f5i vastavalt vajadusele.<\/span><\/p><p><span style=\"color: #000000;\">Lastega tegelevad kutselised lapsehoidjad ning teie saate rahulikult filmi nautida.<\/span><\/p><p><span style=\"color: #000000;\">Lapsi r\u00f5\u00f5mustavad \u00fcllatustegelased!<\/span><\/p><p><span style=\"color: #000000;\">Lastehoid on TASUTA!<\/span><\/p><p><span style=\"color: #000000;\">Janne Liidik<\/span><br \/><span style=\"color: #000000;\">tel: <a href=\"tel:59047872\">59047872<\/a><\/span><\/p><p><span style=\"color: #000000;\">Annika Rannamets<\/span><br \/><span style=\"color: #000000;\">tel: <a href=\"tel:5179710\">5179710<\/a><\/span><\/p><p><span style=\"color: #000000;\">e-mail: <a href=\"mailto:janne@lastehoid.ee\">janne@lastehoid.ee<\/a><\/span><br \/><strong><a href=\"http:\/\/www.lastehoid.ee\"><span style=\"color: #000000;\">www.lastehoid.ee<\/span><\/a><\/strong><\/p>\t\t\t\t\t\t\t\t<\/div>\n\t\t\t\t<\/div>\n\t\t\t\t\t<\/div>\n\t\t<\/div>\n\t\t\t\t<div class=\"elementor-column elementor-col-50 elementor-top-column elementor-element elementor-element-24772e7\" data-id=\"24772e7\" data-element_type=\"column\">\n\t\t\t<div class=\"elementor-widget-wrap elementor-element-populated\">\n\t\t\t\t\t\t<div class=\"elementor-element elementor-element-e3948e1 elementor-widget elementor-widget-image\" data-id=\"e3948e1\" data-element_type=\"widget\" data-widget_type=\"image.default\">\n\t\t\t\t<div class=\"elementor-widget-container\">\n\t\t\t\t\t\t\t\t\t\t\t\t\t\t\t<img fetchpriority=\"high\" decoding=\"async\" width=\"556\" height=\"400\" src=\"https:\/\/uus.noff.ee\/wp-content\/uploads\/2025\/02\/MML_3981-1-556x400-1.jpg\" class=\"attachment-large size-large wp-image-18728\" alt=\"\" srcset=\"https:\/\/uus.noff.ee\/wp-content\/uploads\/2025\/02\/MML_3981-1-556x400-1.jpg 556w, https:\/\/uus.noff.ee\/wp-content\/uploads\/2025\/02\/MML_3981-1-556x400-1-300x216.jpg 300w, https:\/\/uus.noff.ee\/wp-content\/uploads\/2025\/02\/MML_3981-1-556x400-1-18x12.jpg 18w\" sizes=\"(max-width: 556px) 100vw, 556px\" \/>\t\t\t\t\t\t\t\t\t\t\t\t\t\t\t<\/div>\n\t\t\t\t<\/div>\n\t\t\t\t\t<\/div>\n\t\t<\/div>\n\t\t\t\t\t<\/div>\n\t\t<\/section>\n\t\t\t\t<\/div>","protected":false},"excerpt":{"rendered":"<p>LASTEHOID V\u00e4ikeste inimeste t\u00f6\u00f6 on m\u00e4ngimine. Sul ei pea j\u00e4\u00e4ma filmifestivalil osalemine \u00e4ra seet\u00f5ttu, et sinu p\u00f5nnile ei ole lapsehoidjat. Oodatud on k\u00f5ik lapsed ja lapsemeelsed laup\u00e4eval, 8. m\u00e4rtsil kella 11.00\u201318.00 RAVANK (Rapla valla avatud noortekeskus) ruumides v\u00f5i vastavalt vajadusele. Lastega tegelevad kutselised lapsehoidjad ning teie saate rahulikult filmi nautida. Lapsi r\u00f5\u00f5mustavad \u00fcllatustegelased! Lastehoid on [&hellip;]<\/p>","protected":false},"author":1,"featured_media":0,"parent":0,"menu_order":0,"comment_status":"closed","ping_status":"closed","template":"page-full-width.php","meta":{"footnotes":""},"class_list":["post-18726","page","type-page","status-publish","hentry"],"_links":{"self":[{"href":"https:\/\/uus.noff.ee\/en\/wp-json\/wp\/v2\/pages\/18726","targetHints":{"allow":["GET"]}}],"collection":[{"href":"https:\/\/uus.noff.ee\/en\/wp-json\/wp\/v2\/pages"}],"about":[{"href":"https:\/\/uus.noff.ee\/en\/wp-json\/wp\/v2\/types\/page"}],"author":[{"embeddable":true,"href":"https:\/\/uus.noff.ee\/en\/wp-json\/wp\/v2\/users\/1"}],"replies":[{"embeddable":true,"href":"https:\/\/uus.noff.ee\/en\/wp-json\/wp\/v2\/comments?post=18726"}],"version-history":[{"count":7,"href":"https:\/\/uus.noff.ee\/en\/wp-json\/wp\/v2\/pages\/18726\/revisions"}],"predecessor-version":[{"id":18986,"href":"https:\/\/uus.noff.ee\/en\/wp-json\/wp\/v2\/pages\/18726\/revisions\/18986"}],"wp:attachment":[{"href":"https:\/\/uus.noff.ee\/en\/wp-json\/wp\/v2\/media?parent=18726"}],"curies":[{"name":"wp","href":"https:\/\/api.w.org\/{rel}","templated":true}]}}