{"id":155,"date":"2021-11-16T11:14:50","date_gmt":"2021-11-16T11:14:50","guid":{"rendered":"https:\/\/coppola.qodeinteractive.com\/?page_id=155"},"modified":"2025-02-10T16:31:06","modified_gmt":"2025-02-10T14:31:06","slug":"noff","status":"publish","type":"page","link":"https:\/\/uus.noff.ee\/en\/noff\/","title":{"rendered":"N\u00d6FF"},"content":{"rendered":"<div data-elementor-type=\"wp-page\" data-elementor-id=\"155\" class=\"elementor elementor-155\">\n\t\t\t\t\t\t<section class=\"elementor-section elementor-top-section elementor-element elementor-element-f65320c elementor-section-full_width elementor-section-height-default elementor-section-height-default qodef-elementor-content-no\" data-id=\"f65320c\" data-element_type=\"section\">\n\t\t\t\t\t\t<div class=\"elementor-container elementor-column-gap-default\">\n\t\t\t\t\t<div class=\"elementor-column elementor-col-100 elementor-top-column elementor-element elementor-element-a206993\" data-id=\"a206993\" data-element_type=\"column\" data-settings=\"{&quot;background_background&quot;:&quot;classic&quot;}\">\n\t\t\t<div class=\"elementor-widget-wrap elementor-element-populated\">\n\t\t\t\t\t\t<div class=\"elementor-element elementor-element-519e31c elementor-widget elementor-widget-spacer\" data-id=\"519e31c\" data-element_type=\"widget\" data-widget_type=\"spacer.default\">\n\t\t\t\t<div class=\"elementor-widget-container\">\n\t\t\t\t\t\t\t<div class=\"elementor-spacer\">\n\t\t\t<div class=\"elementor-spacer-inner\"><\/div>\n\t\t<\/div>\n\t\t\t\t\t\t<\/div>\n\t\t\t\t<\/div>\n\t\t\t\t\t<\/div>\n\t\t<\/div>\n\t\t\t\t\t<\/div>\n\t\t<\/section>\n\t\t\t\t<section class=\"elementor-section elementor-top-section elementor-element elementor-element-49b3f8a5 elementor-section-full_width qodef-elementor-content-grid elementor-section-height-default elementor-section-height-default\" data-id=\"49b3f8a5\" data-element_type=\"section\">\n\t\t\t\t\t\t<div class=\"elementor-container elementor-column-gap-default\">\n\t\t\t\t\t<div class=\"elementor-column elementor-col-50 elementor-top-column elementor-element elementor-element-1e4f9a5a\" data-id=\"1e4f9a5a\" data-element_type=\"column\">\n\t\t\t<div class=\"elementor-widget-wrap elementor-element-populated\">\n\t\t\t\t\t\t<div class=\"elementor-element elementor-element-16e89e59 elementor-widget elementor-widget-image\" data-id=\"16e89e59\" data-element_type=\"widget\" data-widget_type=\"image.default\">\n\t\t\t\t<div class=\"elementor-widget-container\">\n\t\t\t\t\t\t\t\t\t\t\t\t\t\t\t<img fetchpriority=\"high\" decoding=\"async\" width=\"1024\" height=\"310\" src=\"https:\/\/uus.noff.ee\/wp-content\/uploads\/2025\/02\/Logo-Noff-2025-1024x310.png\" class=\"attachment-large size-large wp-image-9321\" alt=\"\" srcset=\"https:\/\/uus.noff.ee\/wp-content\/uploads\/2025\/02\/Logo-Noff-2025-1024x310.png 1024w, https:\/\/uus.noff.ee\/wp-content\/uploads\/2025\/02\/Logo-Noff-2025-300x91.png 300w, https:\/\/uus.noff.ee\/wp-content\/uploads\/2025\/02\/Logo-Noff-2025-768x232.png 768w, https:\/\/uus.noff.ee\/wp-content\/uploads\/2025\/02\/Logo-Noff-2025-18x5.png 18w, https:\/\/uus.noff.ee\/wp-content\/uploads\/2025\/02\/Logo-Noff-2025.png 1475w\" sizes=\"(max-width: 1024px) 100vw, 1024px\" \/>\t\t\t\t\t\t\t\t\t\t\t\t\t\t\t<\/div>\n\t\t\t\t<\/div>\n\t\t\t\t\t<\/div>\n\t\t<\/div>\n\t\t\t\t<div class=\"elementor-column elementor-col-50 elementor-top-column elementor-element elementor-element-31011d3c\" data-id=\"31011d3c\" data-element_type=\"column\">\n\t\t\t<div class=\"elementor-widget-wrap elementor-element-populated\">\n\t\t\t\t\t\t<div class=\"elementor-element elementor-element-36f491c0 elementor-widget elementor-widget-text-editor\" data-id=\"36f491c0\" data-element_type=\"widget\" data-widget_type=\"text-editor.default\">\n\t\t\t\t<div class=\"elementor-widget-container\">\n\t\t\t\t\t\t\t\t\t<h5><span style=\"color: #000000;\">Naiste \u00d6\u00f6de Filmifestival Raplas on festival, mille fookuses on naine.<\/span><\/h5><p><span style=\"color: #000000;\">Ettev\u00f5tlikud Naised Raplamaal vaba\u00fchenduse liikmed on korraldanud piduliku s\u00fcndmusena naistep\u00e4eva palju aastaid, alates 2019. aastast on seda aga tehtud t\u00e4iesti uues formaadis \u2013 Naiste \u00d6\u00f6de Filmifestivalina (N\u00d6FF).<\/span><\/p><p><span style=\"color: #000000;\">Meie soov on t\u00e4histada rahvusvahelist naistep\u00e4eva selle algup\u00e4rases t\u00e4henduses, nii nagu see oli 170 aastat tagasi, kui hakati r\u00e4\u00e4kima rohkem naiste \u00f5igustest.<\/span><\/p><p><span style=\"color: #000000;\">Paljud k\u00fcsimused, mis naisi on saatnud l\u00e4bi aegade, on viimastel aastak\u00fcmnetel lahenduse leidnud, kuid ka praegu veel puutume igap\u00e4evaselt kokku naistevastase v\u00e4givallaga, kultuuride vaheliste konfliktidega peresuhetes, laste ja noorte kannatustega vanemate vahelistes vastasseisudes, adopteerimisk\u00fcsimustes, ebav\u00f5rdsusega nii palgas kui muudes aspektides elus ja paljude teiste probleemidega.<\/span><\/p><p><span style=\"color: #000000;\">N\u00d6FF Raplas peab k\u00f5iki eelpoolnimetatud teravaid teemasid \u00fchiskonnas v\u00e4ga oluliseks ning kajastamist v\u00e4\u00e4rivaks, kuid et mitte keskenduda \u00fcksnes probleemile otsa vaatamisega, toome filmilinale kindlasti ka huumorit, edulugusid ja suuri staare.<\/span><br \/><span style=\"color: #000000;\">N\u00d6FF toob naised taas esiplaanile. Valu ja raskuste k\u00f5rval saavad elavaks naiseks olemise v\u00e4\u00e4rtused \u2013 meie piiritu tugevus ja vastupanuv\u00f5ime. Me oleme k\u00f5ik erinevad, aga ometi seotud. Iga\u00fcks omamoodi ilus, osav, vaimukas, andekas ja l\u00f5pmatuseni v\u00f5imekas. Naiseks olemine peaks ju ometi olema nauding! Teiste kogemusi n\u00e4hes \u00f5pime tundma iseend ja v\u00e4\u00e4rtustama seda, mida meil on maailmale pakkuda.<\/span><br \/><span style=\"color: #000000;\">Lisaks sellele, mida saab n\u00e4ha kinolinalt, toome oma oma tegemistest ja kogemustest r\u00e4\u00e4kima erinevate valdkondade spetsialistid, innustame k\u00f5iki kaasa m\u00f5tlema ja arutlema ning seel\u00e4bi \u00fchiskonnas positiivseid lahendusi looma.<\/span><\/p>\t\t\t\t\t\t\t\t<\/div>\n\t\t\t\t<\/div>\n\t\t\t\t\t<\/div>\n\t\t<\/div>\n\t\t\t\t\t<\/div>\n\t\t<\/section>\n\t\t\t\t<\/div>","protected":false},"excerpt":{"rendered":"<p>N\u00d6FF 2025 Naiste \u00d6\u00f6de Filmifestival Naiste \u00d6\u00f6de Filmifestival Raplas on festival, mille fookuses on naine. Ettev\u00f5tlikud Naised Raplamaal vaba\u00fchenduse liikmed on korraldanud piduliku s\u00fcndmusena naistep\u00e4eva palju aastaid, alates 2019. aastast on seda aga tehtud t\u00e4iesti uues formaadis \u2013 Naiste \u00d6\u00f6de Filmifestivalina (N\u00d6FF). Meie soov on t\u00e4histada rahvusvahelist naistep\u00e4eva selle algup\u00e4rases t\u00e4henduses, nii nagu see oli [&hellip;]<\/p>","protected":false},"author":1,"featured_media":0,"parent":0,"menu_order":0,"comment_status":"closed","ping_status":"closed","template":"page-full-width.php","meta":{"footnotes":""},"class_list":["post-155","page","type-page","status-publish","hentry"],"_links":{"self":[{"href":"https:\/\/uus.noff.ee\/en\/wp-json\/wp\/v2\/pages\/155","targetHints":{"allow":["GET"]}}],"collection":[{"href":"https:\/\/uus.noff.ee\/en\/wp-json\/wp\/v2\/pages"}],"about":[{"href":"https:\/\/uus.noff.ee\/en\/wp-json\/wp\/v2\/types\/page"}],"author":[{"embeddable":true,"href":"https:\/\/uus.noff.ee\/en\/wp-json\/wp\/v2\/users\/1"}],"replies":[{"embeddable":true,"href":"https:\/\/uus.noff.ee\/en\/wp-json\/wp\/v2\/comments?post=155"}],"version-history":[{"count":13,"href":"https:\/\/uus.noff.ee\/en\/wp-json\/wp\/v2\/pages\/155\/revisions"}],"predecessor-version":[{"id":18974,"href":"https:\/\/uus.noff.ee\/en\/wp-json\/wp\/v2\/pages\/155\/revisions\/18974"}],"wp:attachment":[{"href":"https:\/\/uus.noff.ee\/en\/wp-json\/wp\/v2\/media?parent=155"}],"curies":[{"name":"wp","href":"https:\/\/api.w.org\/{rel}","templated":true}]}}